{"id":2276,"date":"2025-05-07T22:25:54","date_gmt":"2025-05-07T22:25:54","guid":{"rendered":"https:\/\/bedson.com\/?page_id=2276"},"modified":"2025-05-07T22:27:39","modified_gmt":"2025-05-07T22:27:39","slug":"premio-supervielle-exporta","status":"publish","type":"page","link":"https:\/\/bedson.com\/pt\/premio-supervielle-exporta\/","title":{"rendered":"Premio Supervielle Exporta"},"content":{"rendered":"<div data-elementor-type=\"wp-page\" data-elementor-id=\"2276\" class=\"elementor elementor-2276\" data-elementor-post-type=\"page\">\n\t\t\t\t<div class=\"elementor-element elementor-element-ecdb447 e-flex e-con-boxed e-con e-parent\" data-id=\"ecdb447\" data-element_type=\"container\" data-e-type=\"container\">\n\t\t\t\t\t<div class=\"e-con-inner\">\n\t\t<div class=\"elementor-element elementor-element-b3919ce e-con-full e-flex e-con e-child\" data-id=\"b3919ce\" data-element_type=\"container\" data-e-type=\"container\">\n\t\t\t\t<div class=\"elementor-element elementor-element-90ae2b7 elementor-widget elementor-widget-heading\" data-id=\"90ae2b7\" data-element_type=\"widget\" data-e-type=\"widget\" data-widget_type=\"heading.default\">\n\t\t\t\t<div class=\"elementor-widget-container\">\n\t\t\t\t\t<h1 class=\"elementor-heading-title elementor-size-default\">Premio Supervielle Exporta<\/h1>\t\t\t\t<\/div>\n\t\t\t\t<\/div>\n\t\t\t\t<div class=\"elementor-element elementor-element-aff2e9b elementor-widget elementor-widget-text-editor\" data-id=\"aff2e9b\" data-element_type=\"widget\" data-e-type=\"widget\" data-widget_type=\"text-editor.default\">\n\t\t\t\t<div class=\"elementor-widget-container\">\n\t\t\t\t\t\t\t\t\t<p>En la tercera edici\u00f3n del Premio Supervielle Exporta, Bedson fue reconocida por su innovador enfoque de internacionalizaci\u00f3n en el sector de la sanidad animal.<\/p>\t\t\t\t\t\t\t\t<\/div>\n\t\t\t\t<\/div>\n\t\t\t\t<\/div>\n\t\t<div class=\"elementor-element elementor-element-18915ad e-con-full e-flex e-con e-child\" data-id=\"18915ad\" data-element_type=\"container\" data-e-type=\"container\">\n\t\t\t\t<div class=\"elementor-element elementor-element-8b02b4a elementor-widget elementor-widget-image\" data-id=\"8b02b4a\" data-element_type=\"widget\" data-e-type=\"widget\" data-widget_type=\"image.default\">\n\t\t\t\t<div class=\"elementor-widget-container\">\n\t\t\t\t\t\t\t\t\t\t\t\t\t\t\t<img fetchpriority=\"high\" decoding=\"async\" width=\"800\" height=\"799\" src=\"https:\/\/bedson.com\/wp\/wp-content\/uploads\/2025\/05\/Premio-Supervielle-Alicia-Eugenio.jpg\" class=\"attachment-large size-large wp-image-2248\" alt=\"\" srcset=\"https:\/\/bedson.com\/wp\/wp-content\/uploads\/2025\/05\/Premio-Supervielle-Alicia-Eugenio.jpg 900w, https:\/\/bedson.com\/wp\/wp-content\/uploads\/2025\/05\/Premio-Supervielle-Alicia-Eugenio-300x300.jpg 300w, https:\/\/bedson.com\/wp\/wp-content\/uploads\/2025\/05\/Premio-Supervielle-Alicia-Eugenio-150x150.jpg 150w, https:\/\/bedson.com\/wp\/wp-content\/uploads\/2025\/05\/Premio-Supervielle-Alicia-Eugenio-768x767.jpg 768w, https:\/\/bedson.com\/wp\/wp-content\/uploads\/2025\/05\/Premio-Supervielle-Alicia-Eugenio-12x12.jpg 12w\" sizes=\"(max-width: 800px) 100vw, 800px\" \/>\t\t\t\t\t\t\t\t\t\t\t\t\t\t\t<\/div>\n\t\t\t\t<\/div>\n\t\t\t\t<\/div>\n\t\t\t\t\t<\/div>\n\t\t\t\t<\/div>\n\t\t<div class=\"elementor-element elementor-element-0843a86 e-flex e-con-boxed e-con e-parent\" data-id=\"0843a86\" data-element_type=\"container\" data-e-type=\"container\">\n\t\t\t\t\t<div class=\"e-con-inner\">\n\t\t\t\t<div class=\"elementor-element elementor-element-accc413 elementor-widget elementor-widget-text-editor\" data-id=\"accc413\" data-element_type=\"widget\" data-e-type=\"widget\" data-widget_type=\"text-editor.default\">\n\t\t\t\t<div class=\"elementor-widget-container\">\n\t\t\t\t\t\t\t\t\t<p>Este premio no solo nos llena de orgullo, sino que tambi\u00e9n nos abre nuevas puertas para crecer y explorar oportunidades a trav\u00e9s del networking con nuevos socios en la Barcelona Business Week 2025.<\/p><p>Fernando Milano, Chief Business Officer de Banco Supervielle, expres\u00f3: \u201cLa tercera edici\u00f3n del Premio Supervielle Exporta reafirma nuestro compromiso con el desarrollo del comercio exterior argentino.\u201d&nbsp;<\/p><p>El premio incluye una experiencia \u00fanica de seis d\u00edas, con una agenda de negocios personalizada, invitaci\u00f3n VIP a la Feria y Congreso Advanced Factories Industria 4.0, preparaci\u00f3n pre-viaje, mentoring, visitas a empresas e instituciones innovadoras, y casos de \u00e9xito en softlanding en Espa\u00f1a, especialmente en el sector de la salud animal.&nbsp;<\/p><p>Queremos agradecer al Banco Supervielle por su constante apoyo, que nos inspira a seguir creciendo en este camino que comenzamos hace 45 a\u00f1os, llevando la innovaci\u00f3n tecnol\u00f3gica argentina al mundo entero.<\/p>\t\t\t\t\t\t\t\t<\/div>\n\t\t\t\t<\/div>\n\t\t\t\t\t<\/div>\n\t\t\t\t<\/div>\n\t\t\t\t<\/div>","protected":false},"excerpt":{"rendered":"<p>Premio Supervielle Exporta En la tercera edici\u00f3n del Premio Supervielle Exporta, Bedson fue reconocida por su innovador enfoque de internacionalizaci\u00f3n en el sector de la sanidad animal. Este premio no solo nos llena de orgullo, sino que tambi\u00e9n nos abre nuevas puertas para crecer y explorar oportunidades a trav\u00e9s del networking con nuevos socios en [&hellip;]<\/p>\n","protected":false},"author":2,"featured_media":0,"parent":0,"menu_order":0,"comment_status":"closed","ping_status":"closed","template":"","meta":{"_joinchat":[],"footnotes":""},"class_list":["post-2276","page","type-page","status-publish","hentry"],"yoast_head":"<!-- This site is optimized with the Yoast SEO plugin v27.4 - https:\/\/yoast.com\/product\/yoast-seo-wordpress\/ -->\n<title>Premio Supervielle Exporta - Bedson SA<\/title>\n<meta name=\"robots\" content=\"index, follow, max-snippet:-1, max-image-preview:large, max-video-preview:-1\" \/>\n<link rel=\"canonical\" href=\"https:\/\/bedson.com\/pt\/premio-supervielle-exporta\/\" \/>\n<meta property=\"og:locale\" content=\"pt_BR\" \/>\n<meta property=\"og:type\" content=\"article\" \/>\n<meta property=\"og:title\" content=\"Premio Supervielle Exporta - Bedson SA\" \/>\n<meta property=\"og:description\" content=\"Premio Supervielle Exporta En la tercera edici\u00f3n del Premio Supervielle Exporta, Bedson fue reconocida por su innovador enfoque de internacionalizaci\u00f3n en el sector de la sanidad animal. Este premio no solo nos llena de orgullo, sino que tambi\u00e9n nos abre nuevas puertas para crecer y explorar oportunidades a trav\u00e9s del networking con nuevos socios en [&hellip;]\" \/>\n<meta property=\"og:url\" content=\"https:\/\/bedson.com\/pt\/premio-supervielle-exporta\/\" \/>\n<meta property=\"og:site_name\" content=\"Bedson SA\" \/>\n<meta property=\"article:modified_time\" content=\"2025-05-07T22:27:39+00:00\" \/>\n<meta property=\"og:image\" content=\"https:\/\/bedson.com\/wp\/wp-content\/uploads\/2025\/05\/Premio-Supervielle-Alicia-Eugenio.jpg\" \/>\n\t<meta property=\"og:image:width\" content=\"900\" \/>\n\t<meta property=\"og:image:height\" content=\"899\" \/>\n\t<meta property=\"og:image:type\" content=\"image\/jpeg\" \/>\n<meta name=\"twitter:card\" content=\"summary_large_image\" \/>\n<meta name=\"twitter:label1\" content=\"Est. tempo de leitura\" \/>\n\t<meta name=\"twitter:data1\" content=\"1 minuto\" \/>\n<script type=\"application\/ld+json\" class=\"yoast-schema-graph\">{\"@context\":\"https:\\\/\\\/schema.org\",\"@graph\":[{\"@type\":\"WebPage\",\"@id\":\"https:\\\/\\\/bedson.com\\\/premio-supervielle-exporta\\\/\",\"url\":\"https:\\\/\\\/bedson.com\\\/premio-supervielle-exporta\\\/\",\"name\":\"Premio Supervielle Exporta - Bedson SA\",\"isPartOf\":{\"@id\":\"https:\\\/\\\/bedson.com\\\/#website\"},\"primaryImageOfPage\":{\"@id\":\"https:\\\/\\\/bedson.com\\\/premio-supervielle-exporta\\\/#primaryimage\"},\"image\":{\"@id\":\"https:\\\/\\\/bedson.com\\\/premio-supervielle-exporta\\\/#primaryimage\"},\"thumbnailUrl\":\"https:\\\/\\\/bedson.com\\\/wp\\\/wp-content\\\/uploads\\\/2025\\\/05\\\/Premio-Supervielle-Alicia-Eugenio.jpg\",\"datePublished\":\"2025-05-07T22:25:54+00:00\",\"dateModified\":\"2025-05-07T22:27:39+00:00\",\"breadcrumb\":{\"@id\":\"https:\\\/\\\/bedson.com\\\/premio-supervielle-exporta\\\/#breadcrumb\"},\"inLanguage\":\"pt-BR\",\"potentialAction\":[{\"@type\":\"ReadAction\",\"target\":[\"https:\\\/\\\/bedson.com\\\/premio-supervielle-exporta\\\/\"]}]},{\"@type\":\"ImageObject\",\"inLanguage\":\"pt-BR\",\"@id\":\"https:\\\/\\\/bedson.com\\\/premio-supervielle-exporta\\\/#primaryimage\",\"url\":\"https:\\\/\\\/bedson.com\\\/wp\\\/wp-content\\\/uploads\\\/2025\\\/05\\\/Premio-Supervielle-Alicia-Eugenio.jpg\",\"contentUrl\":\"https:\\\/\\\/bedson.com\\\/wp\\\/wp-content\\\/uploads\\\/2025\\\/05\\\/Premio-Supervielle-Alicia-Eugenio.jpg\"},{\"@type\":\"BreadcrumbList\",\"@id\":\"https:\\\/\\\/bedson.com\\\/premio-supervielle-exporta\\\/#breadcrumb\",\"itemListElement\":[{\"@type\":\"ListItem\",\"position\":1,\"name\":\"Inicio\",\"item\":\"https:\\\/\\\/bedson.com\\\/\"},{\"@type\":\"ListItem\",\"position\":2,\"name\":\"Premio Supervielle Exporta\"}]},{\"@type\":\"WebSite\",\"@id\":\"https:\\\/\\\/bedson.com\\\/#website\",\"url\":\"https:\\\/\\\/bedson.com\\\/\",\"name\":\"Bedson SA\",\"description\":\"\",\"publisher\":{\"@id\":\"https:\\\/\\\/bedson.com\\\/#organization\"},\"potentialAction\":[{\"@type\":\"SearchAction\",\"target\":{\"@type\":\"EntryPoint\",\"urlTemplate\":\"https:\\\/\\\/bedson.com\\\/?s={search_term_string}\"},\"query-input\":{\"@type\":\"PropertyValueSpecification\",\"valueRequired\":true,\"valueName\":\"search_term_string\"}}],\"inLanguage\":\"pt-BR\"},{\"@type\":\"Organization\",\"@id\":\"https:\\\/\\\/bedson.com\\\/#organization\",\"name\":\"Bedson SA\",\"url\":\"https:\\\/\\\/bedson.com\\\/\",\"logo\":{\"@type\":\"ImageObject\",\"inLanguage\":\"pt-BR\",\"@id\":\"https:\\\/\\\/bedson.com\\\/#\\\/schema\\\/logo\\\/image\\\/\",\"url\":\"https:\\\/\\\/bedson.com\\\/wp\\\/wp-content\\\/uploads\\\/2024\\\/04\\\/cropped-logo-bedson-copia.webp\",\"contentUrl\":\"https:\\\/\\\/bedson.com\\\/wp\\\/wp-content\\\/uploads\\\/2024\\\/04\\\/cropped-logo-bedson-copia.webp\",\"width\":101,\"height\":98,\"caption\":\"Bedson SA\"},\"image\":{\"@id\":\"https:\\\/\\\/bedson.com\\\/#\\\/schema\\\/logo\\\/image\\\/\"}}]}<\/script>\n<!-- \/ Yoast SEO plugin. -->","yoast_head_json":{"title":"Premio Supervielle Exporta - Bedson SA","robots":{"index":"index","follow":"follow","max-snippet":"max-snippet:-1","max-image-preview":"max-image-preview:large","max-video-preview":"max-video-preview:-1"},"canonical":"https:\/\/bedson.com\/pt\/premio-supervielle-exporta\/","og_locale":"pt_BR","og_type":"article","og_title":"Premio Supervielle Exporta - Bedson SA","og_description":"Premio Supervielle Exporta En la tercera edici\u00f3n del Premio Supervielle Exporta, Bedson fue reconocida por su innovador enfoque de internacionalizaci\u00f3n en el sector de la sanidad animal. Este premio no solo nos llena de orgullo, sino que tambi\u00e9n nos abre nuevas puertas para crecer y explorar oportunidades a trav\u00e9s del networking con nuevos socios en [&hellip;]","og_url":"https:\/\/bedson.com\/pt\/premio-supervielle-exporta\/","og_site_name":"Bedson SA","article_modified_time":"2025-05-07T22:27:39+00:00","og_image":[{"width":900,"height":899,"url":"https:\/\/bedson.com\/wp\/wp-content\/uploads\/2025\/05\/Premio-Supervielle-Alicia-Eugenio.jpg","type":"image\/jpeg"}],"twitter_card":"summary_large_image","twitter_misc":{"Est. tempo de leitura":"1 minuto"},"schema":{"@context":"https:\/\/schema.org","@graph":[{"@type":"WebPage","@id":"https:\/\/bedson.com\/premio-supervielle-exporta\/","url":"https:\/\/bedson.com\/premio-supervielle-exporta\/","name":"Premio Supervielle Exporta - Bedson SA","isPartOf":{"@id":"https:\/\/bedson.com\/#website"},"primaryImageOfPage":{"@id":"https:\/\/bedson.com\/premio-supervielle-exporta\/#primaryimage"},"image":{"@id":"https:\/\/bedson.com\/premio-supervielle-exporta\/#primaryimage"},"thumbnailUrl":"https:\/\/bedson.com\/wp\/wp-content\/uploads\/2025\/05\/Premio-Supervielle-Alicia-Eugenio.jpg","datePublished":"2025-05-07T22:25:54+00:00","dateModified":"2025-05-07T22:27:39+00:00","breadcrumb":{"@id":"https:\/\/bedson.com\/premio-supervielle-exporta\/#breadcrumb"},"inLanguage":"pt-BR","potentialAction":[{"@type":"ReadAction","target":["https:\/\/bedson.com\/premio-supervielle-exporta\/"]}]},{"@type":"ImageObject","inLanguage":"pt-BR","@id":"https:\/\/bedson.com\/premio-supervielle-exporta\/#primaryimage","url":"https:\/\/bedson.com\/wp\/wp-content\/uploads\/2025\/05\/Premio-Supervielle-Alicia-Eugenio.jpg","contentUrl":"https:\/\/bedson.com\/wp\/wp-content\/uploads\/2025\/05\/Premio-Supervielle-Alicia-Eugenio.jpg"},{"@type":"BreadcrumbList","@id":"https:\/\/bedson.com\/premio-supervielle-exporta\/#breadcrumb","itemListElement":[{"@type":"ListItem","position":1,"name":"Inicio","item":"https:\/\/bedson.com\/"},{"@type":"ListItem","position":2,"name":"Premio Supervielle Exporta"}]},{"@type":"WebSite","@id":"https:\/\/bedson.com\/#website","url":"https:\/\/bedson.com\/","name":"Bedson SA","description":"","publisher":{"@id":"https:\/\/bedson.com\/#organization"},"potentialAction":[{"@type":"SearchAction","target":{"@type":"EntryPoint","urlTemplate":"https:\/\/bedson.com\/?s={search_term_string}"},"query-input":{"@type":"PropertyValueSpecification","valueRequired":true,"valueName":"search_term_string"}}],"inLanguage":"pt-BR"},{"@type":"Organization","@id":"https:\/\/bedson.com\/#organization","name":"Bedson SA","url":"https:\/\/bedson.com\/","logo":{"@type":"ImageObject","inLanguage":"pt-BR","@id":"https:\/\/bedson.com\/#\/schema\/logo\/image\/","url":"https:\/\/bedson.com\/wp\/wp-content\/uploads\/2024\/04\/cropped-logo-bedson-copia.webp","contentUrl":"https:\/\/bedson.com\/wp\/wp-content\/uploads\/2024\/04\/cropped-logo-bedson-copia.webp","width":101,"height":98,"caption":"Bedson SA"},"image":{"@id":"https:\/\/bedson.com\/#\/schema\/logo\/image\/"}}]}},"_links":{"self":[{"href":"https:\/\/bedson.com\/pt\/wp-json\/wp\/v2\/pages\/2276","targetHints":{"allow":["GET"]}}],"collection":[{"href":"https:\/\/bedson.com\/pt\/wp-json\/wp\/v2\/pages"}],"about":[{"href":"https:\/\/bedson.com\/pt\/wp-json\/wp\/v2\/types\/page"}],"author":[{"embeddable":true,"href":"https:\/\/bedson.com\/pt\/wp-json\/wp\/v2\/users\/2"}],"replies":[{"embeddable":true,"href":"https:\/\/bedson.com\/pt\/wp-json\/wp\/v2\/comments?post=2276"}],"version-history":[{"count":3,"href":"https:\/\/bedson.com\/pt\/wp-json\/wp\/v2\/pages\/2276\/revisions"}],"predecessor-version":[{"id":2280,"href":"https:\/\/bedson.com\/pt\/wp-json\/wp\/v2\/pages\/2276\/revisions\/2280"}],"wp:attachment":[{"href":"https:\/\/bedson.com\/pt\/wp-json\/wp\/v2\/media?parent=2276"}],"curies":[{"name":"wp","href":"https:\/\/api.w.org\/{rel}","templated":true}]}}