{"id":2271,"date":"2025-05-07T22:23:38","date_gmt":"2025-05-07T22:23:38","guid":{"rendered":"https:\/\/bedson.com\/?page_id=2271"},"modified":"2025-05-07T22:28:02","modified_gmt":"2025-05-07T22:28:02","slug":"premio-clarin","status":"publish","type":"page","link":"https:\/\/bedson.com\/pt\/premio-clarin\/","title":{"rendered":"Premio Clar\u00edn"},"content":{"rendered":"<div data-elementor-type=\"wp-page\" data-elementor-id=\"2271\" class=\"elementor elementor-2271\" data-elementor-post-type=\"page\">\n\t\t\t\t<div class=\"elementor-element elementor-element-ecdb447 e-flex e-con-boxed e-con e-parent\" data-id=\"ecdb447\" data-element_type=\"container\" data-e-type=\"container\">\n\t\t\t\t\t<div class=\"e-con-inner\">\n\t\t<div class=\"elementor-element elementor-element-b3919ce e-con-full e-flex e-con e-child\" data-id=\"b3919ce\" data-element_type=\"container\" data-e-type=\"container\">\n\t\t\t\t<div class=\"elementor-element elementor-element-90ae2b7 elementor-widget elementor-widget-heading\" data-id=\"90ae2b7\" data-element_type=\"widget\" data-e-type=\"widget\" data-widget_type=\"heading.default\">\n\t\t\t\t<div class=\"elementor-widget-container\">\n\t\t\t\t\t<h1 class=\"elementor-heading-title elementor-size-default\">Premio Clar\u00edn<\/h1>\t\t\t\t<\/div>\n\t\t\t\t<\/div>\n\t\t\t\t<div class=\"elementor-element elementor-element-aff2e9b elementor-widget elementor-widget-text-editor\" data-id=\"aff2e9b\" data-element_type=\"widget\" data-e-type=\"widget\" data-widget_type=\"text-editor.default\">\n\t\t\t\t<div class=\"elementor-widget-container\">\n\t\t\t\t\t\t\t\t\t<p>BEDSON S.A. galardonada con el prestigioso premio Clar\u00edn Banco Galicia Pyme en la categor\u00eda Pyme Exportadora<\/p>\t\t\t\t\t\t\t\t<\/div>\n\t\t\t\t<\/div>\n\t\t\t\t<\/div>\n\t\t<div class=\"elementor-element elementor-element-18915ad e-con-full e-flex e-con e-child\" data-id=\"18915ad\" data-element_type=\"container\" data-e-type=\"container\">\n\t\t\t\t<div class=\"elementor-element elementor-element-8b02b4a elementor-widget elementor-widget-image\" data-id=\"8b02b4a\" data-element_type=\"widget\" data-e-type=\"widget\" data-widget_type=\"image.default\">\n\t\t\t\t<div class=\"elementor-widget-container\">\n\t\t\t\t\t\t\t\t\t\t\t\t\t\t\t<img fetchpriority=\"high\" decoding=\"async\" width=\"619\" height=\"620\" src=\"https:\/\/bedson.com\/wp\/wp-content\/uploads\/2025\/05\/Foto-Premio-Clarin.jpg\" class=\"attachment-large size-large wp-image-2247\" alt=\"\" srcset=\"https:\/\/bedson.com\/wp\/wp-content\/uploads\/2025\/05\/Foto-Premio-Clarin.jpg 619w, https:\/\/bedson.com\/wp\/wp-content\/uploads\/2025\/05\/Foto-Premio-Clarin-300x300.jpg 300w, https:\/\/bedson.com\/wp\/wp-content\/uploads\/2025\/05\/Foto-Premio-Clarin-150x150.jpg 150w, https:\/\/bedson.com\/wp\/wp-content\/uploads\/2025\/05\/Foto-Premio-Clarin-12x12.jpg 12w\" sizes=\"(max-width: 619px) 100vw, 619px\" \/>\t\t\t\t\t\t\t\t\t\t\t\t\t\t\t<\/div>\n\t\t\t\t<\/div>\n\t\t\t\t<\/div>\n\t\t\t\t\t<\/div>\n\t\t\t\t<\/div>\n\t\t<div class=\"elementor-element elementor-element-0843a86 e-flex e-con-boxed e-con e-parent\" data-id=\"0843a86\" data-element_type=\"container\" data-e-type=\"container\">\n\t\t\t\t\t<div class=\"e-con-inner\">\n\t\t\t\t<div class=\"elementor-element elementor-element-accc413 elementor-widget elementor-widget-text-editor\" data-id=\"accc413\" data-element_type=\"widget\" data-e-type=\"widget\" data-widget_type=\"text-editor.default\">\n\t\t\t\t<div class=\"elementor-widget-container\">\n\t\t\t\t\t\t\t\t\t<p>Con gran orgullo anunciamos que BEDSON S.A. ha sido premiada con el prestigioso premio Clar\u00edn Banco Galicia Pyme en la Categor\u00eda Pyme Exportadora. La defensa del caso Bedson y la ceremonia de premiaci\u00f3n se llevaron a cabo en el edificio Plaza Galicia, en Capital Federal.<\/p>\n<p>Ante un p\u00fablico de aproximadamente trescientas personas, Eugenio Colusi, vicepresidente de la compa\u00f1\u00eda, agradeci\u00f3 la distinci\u00f3n reconociendo la rica historia de 45 a\u00f1os del laboratorio, fundado por su padre, el investigador Dr. Arnaldo Colusi junto a Omar Romano. Eugenio destac\u00f3 los esfuerzos de la empresa frente a diversas dificultades econ\u00f3micas y barreras sanitarias que limitan el crecimiento del sector veterinario, una industria con gran potencial para el desarrollo del pa\u00eds.<\/p>\n<p>&#8220;Este es un premio al esfuerzo de m\u00e1s de cien colaboradores que llevan la marca Bedson, una marca de investigaci\u00f3n y desarrollo argentino dedicado a la salud animal, a m\u00e1s de treinta pa\u00edses del mundo&#8221;, subray\u00f3 Colusi.<\/p>\n<p>Durante la premiaci\u00f3n, representantes de la alta direcci\u00f3n del Banco Galicia y del diario Clar\u00edn resaltaron el camino recorrido por empresas como Bedson, que son el motor productivo argentino. Eugenio y los otros finalistas debieron exponer las caracter\u00edsticas de cada empresa y su modelo de negocio ante un exigente jurado de Honor, conformado por expertos y destacadas personalidades en diversas tem\u00e1ticas, enfrentando posteriormente un riguroso cuestionario.<\/p>\n<p>En la exposici\u00f3n y respuestas de Bedson, representada por Eugenio Colusi, los miembros del jurado encontraron las razones para galardonarla como la mejor empresa exportadora argentina del 2024. En la ceremonia de premiaci\u00f3n acompa\u00f1aron a Eugenio Colusi, la Presidenta Alicia Colusi, el gerente de proyectos Diego Giussani y el director de relaciones industriales Ariel V\u00e1zquez.<\/p>\n<p>Este reconocimiento no solo celebra el presente de Bedson sino que tambi\u00e9n nos inspira a seguir creciendo, innovando y llevando nuestros productos a nuevos horizontes. Gracias a todos los que son parte de este viaje. \u00a1Vamos por m\u00e1s!<\/p>\t\t\t\t\t\t\t\t<\/div>\n\t\t\t\t<\/div>\n\t\t\t\t\t<\/div>\n\t\t\t\t<\/div>\n\t\t\t\t<\/div>","protected":false},"excerpt":{"rendered":"<p>Premio Clar\u00edn BEDSON S.A. galardonada con el prestigioso premio Clar\u00edn Banco Galicia Pyme en la categor\u00eda Pyme Exportadora Con gran orgullo anunciamos que BEDSON S.A. ha sido premiada con el prestigioso premio Clar\u00edn Banco Galicia Pyme en la Categor\u00eda Pyme Exportadora. La defensa del caso Bedson y la ceremonia de premiaci\u00f3n se llevaron a cabo [&hellip;]<\/p>\n","protected":false},"author":2,"featured_media":0,"parent":0,"menu_order":0,"comment_status":"closed","ping_status":"closed","template":"","meta":{"_joinchat":[],"footnotes":""},"class_list":["post-2271","page","type-page","status-publish","hentry"],"yoast_head":"<!-- This site is optimized with the Yoast SEO plugin v27.4 - https:\/\/yoast.com\/product\/yoast-seo-wordpress\/ -->\n<title>Premio Clar\u00edn - Bedson SA<\/title>\n<meta name=\"robots\" content=\"index, follow, max-snippet:-1, max-image-preview:large, max-video-preview:-1\" \/>\n<link rel=\"canonical\" href=\"https:\/\/bedson.com\/pt\/premio-clarin\/\" \/>\n<meta property=\"og:locale\" content=\"pt_BR\" \/>\n<meta property=\"og:type\" content=\"article\" \/>\n<meta property=\"og:title\" content=\"Premio Clar\u00edn - Bedson SA\" \/>\n<meta property=\"og:description\" content=\"Premio Clar\u00edn BEDSON S.A. galardonada con el prestigioso premio Clar\u00edn Banco Galicia Pyme en la categor\u00eda Pyme Exportadora Con gran orgullo anunciamos que BEDSON S.A. ha sido premiada con el prestigioso premio Clar\u00edn Banco Galicia Pyme en la Categor\u00eda Pyme Exportadora. La defensa del caso Bedson y la ceremonia de premiaci\u00f3n se llevaron a cabo [&hellip;]\" \/>\n<meta property=\"og:url\" content=\"https:\/\/bedson.com\/pt\/premio-clarin\/\" \/>\n<meta property=\"og:site_name\" content=\"Bedson SA\" \/>\n<meta property=\"article:modified_time\" content=\"2025-05-07T22:28:02+00:00\" \/>\n<meta property=\"og:image\" content=\"https:\/\/bedson.com\/wp\/wp-content\/uploads\/2025\/05\/Foto-Premio-Clarin.jpg\" \/>\n\t<meta property=\"og:image:width\" content=\"619\" \/>\n\t<meta property=\"og:image:height\" content=\"620\" \/>\n\t<meta property=\"og:image:type\" content=\"image\/jpeg\" \/>\n<meta name=\"twitter:card\" content=\"summary_large_image\" \/>\n<meta name=\"twitter:label1\" content=\"Est. tempo de leitura\" \/>\n\t<meta name=\"twitter:data1\" content=\"2 minutos\" \/>\n<script type=\"application\/ld+json\" class=\"yoast-schema-graph\">{\"@context\":\"https:\\\/\\\/schema.org\",\"@graph\":[{\"@type\":\"WebPage\",\"@id\":\"https:\\\/\\\/bedson.com\\\/premio-clarin\\\/\",\"url\":\"https:\\\/\\\/bedson.com\\\/premio-clarin\\\/\",\"name\":\"Premio Clar\u00edn - Bedson SA\",\"isPartOf\":{\"@id\":\"https:\\\/\\\/bedson.com\\\/#website\"},\"primaryImageOfPage\":{\"@id\":\"https:\\\/\\\/bedson.com\\\/premio-clarin\\\/#primaryimage\"},\"image\":{\"@id\":\"https:\\\/\\\/bedson.com\\\/premio-clarin\\\/#primaryimage\"},\"thumbnailUrl\":\"https:\\\/\\\/bedson.com\\\/wp\\\/wp-content\\\/uploads\\\/2025\\\/05\\\/Foto-Premio-Clarin.jpg\",\"datePublished\":\"2025-05-07T22:23:38+00:00\",\"dateModified\":\"2025-05-07T22:28:02+00:00\",\"breadcrumb\":{\"@id\":\"https:\\\/\\\/bedson.com\\\/premio-clarin\\\/#breadcrumb\"},\"inLanguage\":\"pt-BR\",\"potentialAction\":[{\"@type\":\"ReadAction\",\"target\":[\"https:\\\/\\\/bedson.com\\\/premio-clarin\\\/\"]}]},{\"@type\":\"ImageObject\",\"inLanguage\":\"pt-BR\",\"@id\":\"https:\\\/\\\/bedson.com\\\/premio-clarin\\\/#primaryimage\",\"url\":\"https:\\\/\\\/bedson.com\\\/wp\\\/wp-content\\\/uploads\\\/2025\\\/05\\\/Foto-Premio-Clarin.jpg\",\"contentUrl\":\"https:\\\/\\\/bedson.com\\\/wp\\\/wp-content\\\/uploads\\\/2025\\\/05\\\/Foto-Premio-Clarin.jpg\"},{\"@type\":\"BreadcrumbList\",\"@id\":\"https:\\\/\\\/bedson.com\\\/premio-clarin\\\/#breadcrumb\",\"itemListElement\":[{\"@type\":\"ListItem\",\"position\":1,\"name\":\"Inicio\",\"item\":\"https:\\\/\\\/bedson.com\\\/\"},{\"@type\":\"ListItem\",\"position\":2,\"name\":\"Premio Clar\u00edn\"}]},{\"@type\":\"WebSite\",\"@id\":\"https:\\\/\\\/bedson.com\\\/#website\",\"url\":\"https:\\\/\\\/bedson.com\\\/\",\"name\":\"Bedson SA\",\"description\":\"\",\"publisher\":{\"@id\":\"https:\\\/\\\/bedson.com\\\/#organization\"},\"potentialAction\":[{\"@type\":\"SearchAction\",\"target\":{\"@type\":\"EntryPoint\",\"urlTemplate\":\"https:\\\/\\\/bedson.com\\\/?s={search_term_string}\"},\"query-input\":{\"@type\":\"PropertyValueSpecification\",\"valueRequired\":true,\"valueName\":\"search_term_string\"}}],\"inLanguage\":\"pt-BR\"},{\"@type\":\"Organization\",\"@id\":\"https:\\\/\\\/bedson.com\\\/#organization\",\"name\":\"Bedson SA\",\"url\":\"https:\\\/\\\/bedson.com\\\/\",\"logo\":{\"@type\":\"ImageObject\",\"inLanguage\":\"pt-BR\",\"@id\":\"https:\\\/\\\/bedson.com\\\/#\\\/schema\\\/logo\\\/image\\\/\",\"url\":\"https:\\\/\\\/bedson.com\\\/wp\\\/wp-content\\\/uploads\\\/2024\\\/04\\\/cropped-logo-bedson-copia.webp\",\"contentUrl\":\"https:\\\/\\\/bedson.com\\\/wp\\\/wp-content\\\/uploads\\\/2024\\\/04\\\/cropped-logo-bedson-copia.webp\",\"width\":101,\"height\":98,\"caption\":\"Bedson SA\"},\"image\":{\"@id\":\"https:\\\/\\\/bedson.com\\\/#\\\/schema\\\/logo\\\/image\\\/\"}}]}<\/script>\n<!-- \/ Yoast SEO plugin. -->","yoast_head_json":{"title":"Premio Clar\u00edn - Bedson SA","robots":{"index":"index","follow":"follow","max-snippet":"max-snippet:-1","max-image-preview":"max-image-preview:large","max-video-preview":"max-video-preview:-1"},"canonical":"https:\/\/bedson.com\/pt\/premio-clarin\/","og_locale":"pt_BR","og_type":"article","og_title":"Premio Clar\u00edn - Bedson SA","og_description":"Premio Clar\u00edn BEDSON S.A. galardonada con el prestigioso premio Clar\u00edn Banco Galicia Pyme en la categor\u00eda Pyme Exportadora Con gran orgullo anunciamos que BEDSON S.A. ha sido premiada con el prestigioso premio Clar\u00edn Banco Galicia Pyme en la Categor\u00eda Pyme Exportadora. La defensa del caso Bedson y la ceremonia de premiaci\u00f3n se llevaron a cabo [&hellip;]","og_url":"https:\/\/bedson.com\/pt\/premio-clarin\/","og_site_name":"Bedson SA","article_modified_time":"2025-05-07T22:28:02+00:00","og_image":[{"width":619,"height":620,"url":"https:\/\/bedson.com\/wp\/wp-content\/uploads\/2025\/05\/Foto-Premio-Clarin.jpg","type":"image\/jpeg"}],"twitter_card":"summary_large_image","twitter_misc":{"Est. tempo de leitura":"2 minutos"},"schema":{"@context":"https:\/\/schema.org","@graph":[{"@type":"WebPage","@id":"https:\/\/bedson.com\/premio-clarin\/","url":"https:\/\/bedson.com\/premio-clarin\/","name":"Premio Clar\u00edn - Bedson SA","isPartOf":{"@id":"https:\/\/bedson.com\/#website"},"primaryImageOfPage":{"@id":"https:\/\/bedson.com\/premio-clarin\/#primaryimage"},"image":{"@id":"https:\/\/bedson.com\/premio-clarin\/#primaryimage"},"thumbnailUrl":"https:\/\/bedson.com\/wp\/wp-content\/uploads\/2025\/05\/Foto-Premio-Clarin.jpg","datePublished":"2025-05-07T22:23:38+00:00","dateModified":"2025-05-07T22:28:02+00:00","breadcrumb":{"@id":"https:\/\/bedson.com\/premio-clarin\/#breadcrumb"},"inLanguage":"pt-BR","potentialAction":[{"@type":"ReadAction","target":["https:\/\/bedson.com\/premio-clarin\/"]}]},{"@type":"ImageObject","inLanguage":"pt-BR","@id":"https:\/\/bedson.com\/premio-clarin\/#primaryimage","url":"https:\/\/bedson.com\/wp\/wp-content\/uploads\/2025\/05\/Foto-Premio-Clarin.jpg","contentUrl":"https:\/\/bedson.com\/wp\/wp-content\/uploads\/2025\/05\/Foto-Premio-Clarin.jpg"},{"@type":"BreadcrumbList","@id":"https:\/\/bedson.com\/premio-clarin\/#breadcrumb","itemListElement":[{"@type":"ListItem","position":1,"name":"Inicio","item":"https:\/\/bedson.com\/"},{"@type":"ListItem","position":2,"name":"Premio Clar\u00edn"}]},{"@type":"WebSite","@id":"https:\/\/bedson.com\/#website","url":"https:\/\/bedson.com\/","name":"Bedson SA","description":"","publisher":{"@id":"https:\/\/bedson.com\/#organization"},"potentialAction":[{"@type":"SearchAction","target":{"@type":"EntryPoint","urlTemplate":"https:\/\/bedson.com\/?s={search_term_string}"},"query-input":{"@type":"PropertyValueSpecification","valueRequired":true,"valueName":"search_term_string"}}],"inLanguage":"pt-BR"},{"@type":"Organization","@id":"https:\/\/bedson.com\/#organization","name":"Bedson SA","url":"https:\/\/bedson.com\/","logo":{"@type":"ImageObject","inLanguage":"pt-BR","@id":"https:\/\/bedson.com\/#\/schema\/logo\/image\/","url":"https:\/\/bedson.com\/wp\/wp-content\/uploads\/2024\/04\/cropped-logo-bedson-copia.webp","contentUrl":"https:\/\/bedson.com\/wp\/wp-content\/uploads\/2024\/04\/cropped-logo-bedson-copia.webp","width":101,"height":98,"caption":"Bedson SA"},"image":{"@id":"https:\/\/bedson.com\/#\/schema\/logo\/image\/"}}]}},"_links":{"self":[{"href":"https:\/\/bedson.com\/pt\/wp-json\/wp\/v2\/pages\/2271","targetHints":{"allow":["GET"]}}],"collection":[{"href":"https:\/\/bedson.com\/pt\/wp-json\/wp\/v2\/pages"}],"about":[{"href":"https:\/\/bedson.com\/pt\/wp-json\/wp\/v2\/types\/page"}],"author":[{"embeddable":true,"href":"https:\/\/bedson.com\/pt\/wp-json\/wp\/v2\/users\/2"}],"replies":[{"embeddable":true,"href":"https:\/\/bedson.com\/pt\/wp-json\/wp\/v2\/comments?post=2271"}],"version-history":[{"count":3,"href":"https:\/\/bedson.com\/pt\/wp-json\/wp\/v2\/pages\/2271\/revisions"}],"predecessor-version":[{"id":2283,"href":"https:\/\/bedson.com\/pt\/wp-json\/wp\/v2\/pages\/2271\/revisions\/2283"}],"wp:attachment":[{"href":"https:\/\/bedson.com\/pt\/wp-json\/wp\/v2\/media?parent=2271"}],"curies":[{"name":"wp","href":"https:\/\/api.w.org\/{rel}","templated":true}]}}