{"id":2264,"date":"2025-05-07T22:16:17","date_gmt":"2025-05-07T22:16:17","guid":{"rendered":"https:\/\/bedson.com\/?page_id=2264"},"modified":"2025-05-07T22:22:48","modified_gmt":"2025-05-07T22:22:48","slug":"empresa-socialmente-comprometida","status":"publish","type":"page","link":"https:\/\/bedson.com\/pt\/empresa-socialmente-comprometida\/","title":{"rendered":"Empresa Socialmente Comprometida"},"content":{"rendered":"<div data-elementor-type=\"wp-page\" data-elementor-id=\"2264\" class=\"elementor elementor-2264\" data-elementor-post-type=\"page\">\n\t\t\t\t<div class=\"elementor-element elementor-element-ecdb447 e-flex e-con-boxed e-con e-parent\" data-id=\"ecdb447\" data-element_type=\"container\" data-e-type=\"container\">\n\t\t\t\t\t<div class=\"e-con-inner\">\n\t\t<div class=\"elementor-element elementor-element-b3919ce e-con-full e-flex e-con e-child\" data-id=\"b3919ce\" data-element_type=\"container\" data-e-type=\"container\">\n\t\t\t\t<div class=\"elementor-element elementor-element-90ae2b7 elementor-widget elementor-widget-heading\" data-id=\"90ae2b7\" data-element_type=\"widget\" data-e-type=\"widget\" data-widget_type=\"heading.default\">\n\t\t\t\t<div class=\"elementor-widget-container\">\n\t\t\t\t\t<h1 class=\"elementor-heading-title elementor-size-default\">Empresa Socialmente Comprometida<\/h1>\t\t\t\t<\/div>\n\t\t\t\t<\/div>\n\t\t\t\t<div class=\"elementor-element elementor-element-aff2e9b elementor-widget elementor-widget-text-editor\" data-id=\"aff2e9b\" data-element_type=\"widget\" data-e-type=\"widget\" data-widget_type=\"text-editor.default\">\n\t\t\t\t<div class=\"elementor-widget-container\">\n\t\t\t\t\t\t\t\t\t<p>Nos enorgullece anunciar que la Provincia de Buenos Aires nos ha otorgado este importante reconocimiento, luego de evaluar el impacto de nuestro apoyo continuo al Comedor Comunitario Por una Sonrisa, ubicado en el barrio Los Tilos de Pilar. Esta distinci\u00f3n es un reflejo del compromiso sostenido de Bedson con la comunidad, que abarca casi 20 a\u00f1os de colaboraci\u00f3n activa en este proyecto tan significativo.<\/p>\t\t\t\t\t\t\t\t<\/div>\n\t\t\t\t<\/div>\n\t\t\t\t<\/div>\n\t\t<div class=\"elementor-element elementor-element-18915ad e-con-full e-flex e-con e-child\" data-id=\"18915ad\" data-element_type=\"container\" data-e-type=\"container\">\n\t\t\t\t<div class=\"elementor-element elementor-element-8b02b4a elementor-widget elementor-widget-image\" data-id=\"8b02b4a\" data-element_type=\"widget\" data-e-type=\"widget\" data-widget_type=\"image.default\">\n\t\t\t\t<div class=\"elementor-widget-container\">\n\t\t\t\t\t\t\t\t\t\t\t\t\t\t\t<img fetchpriority=\"high\" decoding=\"async\" width=\"689\" height=\"689\" src=\"https:\/\/bedson.com\/wp\/wp-content\/uploads\/2025\/05\/empresa-socialmente-responsable-1.png\" class=\"attachment-large size-large wp-image-2246\" alt=\"\" srcset=\"https:\/\/bedson.com\/wp\/wp-content\/uploads\/2025\/05\/empresa-socialmente-responsable-1.png 689w, https:\/\/bedson.com\/wp\/wp-content\/uploads\/2025\/05\/empresa-socialmente-responsable-1-300x300.png 300w, https:\/\/bedson.com\/wp\/wp-content\/uploads\/2025\/05\/empresa-socialmente-responsable-1-150x150.png 150w, https:\/\/bedson.com\/wp\/wp-content\/uploads\/2025\/05\/empresa-socialmente-responsable-1-12x12.png 12w\" sizes=\"(max-width: 689px) 100vw, 689px\" \/>\t\t\t\t\t\t\t\t\t\t\t\t\t\t\t<\/div>\n\t\t\t\t<\/div>\n\t\t\t\t<\/div>\n\t\t\t\t\t<\/div>\n\t\t\t\t<\/div>\n\t\t<div class=\"elementor-element elementor-element-0843a86 e-flex e-con-boxed e-con e-parent\" data-id=\"0843a86\" data-element_type=\"container\" data-e-type=\"container\">\n\t\t\t\t\t<div class=\"e-con-inner\">\n\t\t\t\t<div class=\"elementor-element elementor-element-accc413 elementor-widget elementor-widget-text-editor\" data-id=\"accc413\" data-element_type=\"widget\" data-e-type=\"widget\" data-widget_type=\"text-editor.default\">\n\t\t\t\t<div class=\"elementor-widget-container\">\n\t\t\t\t\t\t\t\t\t<p>Marcela Cortiellas C\u00f3rdoba, titular de la Direcci\u00f3n de Relaciones con las Empresas y las Organizaciones de las y los Trabajadores de la Provincia de Buenos Aires, resalt\u00f3, al entregar el sello, el firme compromiso de nuestra empresa con la comunidad, nuestro enfoque en el desarrollo sostenible y la cultura empresarial que promovemos, centrada en los valores humanos y sociales.<\/p><p>Durante la ceremonia de entrega, que cont\u00f3 con la presencia de las l\u00edderes del comedor, Elba y Soledad, la Secretaria de Desarrollo Econ\u00f3mico de la Municipalidad de Pilar, Claudia Juanes, destac\u00f3 especialmente el incansable trabajo de Alicia Romero de Colusi, quien, con su impulso diario, ha logrado que m\u00e1s de 200 familias reciban un abrazo de esperanza en medio de sus desaf\u00edos y dificultades cotidianas.<\/p><p>El Comedor Comunitario Por una Sonrisa, un centro de referencia barrial, fue fundado hace casi 20 a\u00f1os con la colaboraci\u00f3n activa de la familia Colusi y el apoyo constante de todos los trabajadores de Bedson. Este comedor no solo ofrece alimentos, sino tambi\u00e9n un espacio de contenci\u00f3n, solidaridad y acompa\u00f1amiento para las familias m\u00e1s vulnerables.<\/p><p>En este acto, que cont\u00f3 con la participaci\u00f3n de colaboradores de Bedson, reafirmamos nuestro compromiso de potenciar todas las acciones necesarias para el desarrollo de nuestras comunidades cercanas. Este esfuerzo forma parte de nuestro plan estrat\u00e9gico de negocios sustentables, orientado a generar un impacto positivo en lo social, lo ambiental y lo econ\u00f3mico.<\/p><p>Agradecemos profundamente a la Provincia de Buenos Aires por este reconocimiento, el cual llevaremos con mucho orgullo como s\u00edmbolo de nuestra dedicaci\u00f3n y esfuerzo para mejorar la calidad de vida de quienes m\u00e1s lo necesitan.<\/p>\t\t\t\t\t\t\t\t<\/div>\n\t\t\t\t<\/div>\n\t\t\t\t\t<\/div>\n\t\t\t\t<\/div>\n\t\t\t\t<\/div>","protected":false},"excerpt":{"rendered":"<p>Empresa Socialmente Comprometida Nos enorgullece anunciar que la Provincia de Buenos Aires nos ha otorgado este importante reconocimiento, luego de evaluar el impacto de nuestro apoyo continuo al Comedor Comunitario Por una Sonrisa, ubicado en el barrio Los Tilos de Pilar. Esta distinci\u00f3n es un reflejo del compromiso sostenido de Bedson con la comunidad, que [&hellip;]<\/p>\n","protected":false},"author":2,"featured_media":0,"parent":0,"menu_order":0,"comment_status":"closed","ping_status":"closed","template":"","meta":{"_joinchat":[],"footnotes":""},"class_list":["post-2264","page","type-page","status-publish","hentry"],"yoast_head":"<!-- This site is optimized with the Yoast SEO plugin v27.4 - https:\/\/yoast.com\/product\/yoast-seo-wordpress\/ -->\n<title>Empresa Socialmente Comprometida - Bedson SA<\/title>\n<meta name=\"robots\" content=\"index, follow, max-snippet:-1, max-image-preview:large, max-video-preview:-1\" \/>\n<link rel=\"canonical\" href=\"https:\/\/bedson.com\/pt\/empresa-socialmente-comprometida\/\" \/>\n<meta property=\"og:locale\" content=\"pt_BR\" \/>\n<meta property=\"og:type\" content=\"article\" \/>\n<meta property=\"og:title\" content=\"Empresa Socialmente Comprometida - Bedson SA\" \/>\n<meta property=\"og:description\" content=\"Empresa Socialmente Comprometida Nos enorgullece anunciar que la Provincia de Buenos Aires nos ha otorgado este importante reconocimiento, luego de evaluar el impacto de nuestro apoyo continuo al Comedor Comunitario Por una Sonrisa, ubicado en el barrio Los Tilos de Pilar. Esta distinci\u00f3n es un reflejo del compromiso sostenido de Bedson con la comunidad, que [&hellip;]\" \/>\n<meta property=\"og:url\" content=\"https:\/\/bedson.com\/pt\/empresa-socialmente-comprometida\/\" \/>\n<meta property=\"og:site_name\" content=\"Bedson SA\" \/>\n<meta property=\"article:modified_time\" content=\"2025-05-07T22:22:48+00:00\" \/>\n<meta property=\"og:image\" content=\"https:\/\/bedson.com\/wp\/wp-content\/uploads\/2025\/05\/empresa-socialmente-responsable-1.png\" \/>\n\t<meta property=\"og:image:width\" content=\"689\" \/>\n\t<meta property=\"og:image:height\" content=\"689\" \/>\n\t<meta property=\"og:image:type\" content=\"image\/png\" \/>\n<meta name=\"twitter:card\" content=\"summary_large_image\" \/>\n<meta name=\"twitter:label1\" content=\"Est. tempo de leitura\" \/>\n\t<meta name=\"twitter:data1\" content=\"2 minutos\" \/>\n<script type=\"application\/ld+json\" class=\"yoast-schema-graph\">{\"@context\":\"https:\\\/\\\/schema.org\",\"@graph\":[{\"@type\":\"WebPage\",\"@id\":\"https:\\\/\\\/bedson.com\\\/empresa-socialmente-comprometida\\\/\",\"url\":\"https:\\\/\\\/bedson.com\\\/empresa-socialmente-comprometida\\\/\",\"name\":\"Empresa Socialmente Comprometida - Bedson SA\",\"isPartOf\":{\"@id\":\"https:\\\/\\\/bedson.com\\\/#website\"},\"primaryImageOfPage\":{\"@id\":\"https:\\\/\\\/bedson.com\\\/empresa-socialmente-comprometida\\\/#primaryimage\"},\"image\":{\"@id\":\"https:\\\/\\\/bedson.com\\\/empresa-socialmente-comprometida\\\/#primaryimage\"},\"thumbnailUrl\":\"https:\\\/\\\/bedson.com\\\/wp\\\/wp-content\\\/uploads\\\/2025\\\/05\\\/empresa-socialmente-responsable-1.png\",\"datePublished\":\"2025-05-07T22:16:17+00:00\",\"dateModified\":\"2025-05-07T22:22:48+00:00\",\"breadcrumb\":{\"@id\":\"https:\\\/\\\/bedson.com\\\/empresa-socialmente-comprometida\\\/#breadcrumb\"},\"inLanguage\":\"pt-BR\",\"potentialAction\":[{\"@type\":\"ReadAction\",\"target\":[\"https:\\\/\\\/bedson.com\\\/empresa-socialmente-comprometida\\\/\"]}]},{\"@type\":\"ImageObject\",\"inLanguage\":\"pt-BR\",\"@id\":\"https:\\\/\\\/bedson.com\\\/empresa-socialmente-comprometida\\\/#primaryimage\",\"url\":\"https:\\\/\\\/bedson.com\\\/wp\\\/wp-content\\\/uploads\\\/2025\\\/05\\\/empresa-socialmente-responsable-1.png\",\"contentUrl\":\"https:\\\/\\\/bedson.com\\\/wp\\\/wp-content\\\/uploads\\\/2025\\\/05\\\/empresa-socialmente-responsable-1.png\"},{\"@type\":\"BreadcrumbList\",\"@id\":\"https:\\\/\\\/bedson.com\\\/empresa-socialmente-comprometida\\\/#breadcrumb\",\"itemListElement\":[{\"@type\":\"ListItem\",\"position\":1,\"name\":\"Inicio\",\"item\":\"https:\\\/\\\/bedson.com\\\/\"},{\"@type\":\"ListItem\",\"position\":2,\"name\":\"Empresa Socialmente Comprometida\"}]},{\"@type\":\"WebSite\",\"@id\":\"https:\\\/\\\/bedson.com\\\/#website\",\"url\":\"https:\\\/\\\/bedson.com\\\/\",\"name\":\"Bedson SA\",\"description\":\"\",\"publisher\":{\"@id\":\"https:\\\/\\\/bedson.com\\\/#organization\"},\"potentialAction\":[{\"@type\":\"SearchAction\",\"target\":{\"@type\":\"EntryPoint\",\"urlTemplate\":\"https:\\\/\\\/bedson.com\\\/?s={search_term_string}\"},\"query-input\":{\"@type\":\"PropertyValueSpecification\",\"valueRequired\":true,\"valueName\":\"search_term_string\"}}],\"inLanguage\":\"pt-BR\"},{\"@type\":\"Organization\",\"@id\":\"https:\\\/\\\/bedson.com\\\/#organization\",\"name\":\"Bedson SA\",\"url\":\"https:\\\/\\\/bedson.com\\\/\",\"logo\":{\"@type\":\"ImageObject\",\"inLanguage\":\"pt-BR\",\"@id\":\"https:\\\/\\\/bedson.com\\\/#\\\/schema\\\/logo\\\/image\\\/\",\"url\":\"https:\\\/\\\/bedson.com\\\/wp\\\/wp-content\\\/uploads\\\/2024\\\/04\\\/cropped-logo-bedson-copia.webp\",\"contentUrl\":\"https:\\\/\\\/bedson.com\\\/wp\\\/wp-content\\\/uploads\\\/2024\\\/04\\\/cropped-logo-bedson-copia.webp\",\"width\":101,\"height\":98,\"caption\":\"Bedson SA\"},\"image\":{\"@id\":\"https:\\\/\\\/bedson.com\\\/#\\\/schema\\\/logo\\\/image\\\/\"}}]}<\/script>\n<!-- \/ Yoast SEO plugin. -->","yoast_head_json":{"title":"Empresa Socialmente Comprometida - Bedson SA","robots":{"index":"index","follow":"follow","max-snippet":"max-snippet:-1","max-image-preview":"max-image-preview:large","max-video-preview":"max-video-preview:-1"},"canonical":"https:\/\/bedson.com\/pt\/empresa-socialmente-comprometida\/","og_locale":"pt_BR","og_type":"article","og_title":"Empresa Socialmente Comprometida - Bedson SA","og_description":"Empresa Socialmente Comprometida Nos enorgullece anunciar que la Provincia de Buenos Aires nos ha otorgado este importante reconocimiento, luego de evaluar el impacto de nuestro apoyo continuo al Comedor Comunitario Por una Sonrisa, ubicado en el barrio Los Tilos de Pilar. Esta distinci\u00f3n es un reflejo del compromiso sostenido de Bedson con la comunidad, que [&hellip;]","og_url":"https:\/\/bedson.com\/pt\/empresa-socialmente-comprometida\/","og_site_name":"Bedson SA","article_modified_time":"2025-05-07T22:22:48+00:00","og_image":[{"width":689,"height":689,"url":"https:\/\/bedson.com\/wp\/wp-content\/uploads\/2025\/05\/empresa-socialmente-responsable-1.png","type":"image\/png"}],"twitter_card":"summary_large_image","twitter_misc":{"Est. tempo de leitura":"2 minutos"},"schema":{"@context":"https:\/\/schema.org","@graph":[{"@type":"WebPage","@id":"https:\/\/bedson.com\/empresa-socialmente-comprometida\/","url":"https:\/\/bedson.com\/empresa-socialmente-comprometida\/","name":"Empresa Socialmente Comprometida - Bedson SA","isPartOf":{"@id":"https:\/\/bedson.com\/#website"},"primaryImageOfPage":{"@id":"https:\/\/bedson.com\/empresa-socialmente-comprometida\/#primaryimage"},"image":{"@id":"https:\/\/bedson.com\/empresa-socialmente-comprometida\/#primaryimage"},"thumbnailUrl":"https:\/\/bedson.com\/wp\/wp-content\/uploads\/2025\/05\/empresa-socialmente-responsable-1.png","datePublished":"2025-05-07T22:16:17+00:00","dateModified":"2025-05-07T22:22:48+00:00","breadcrumb":{"@id":"https:\/\/bedson.com\/empresa-socialmente-comprometida\/#breadcrumb"},"inLanguage":"pt-BR","potentialAction":[{"@type":"ReadAction","target":["https:\/\/bedson.com\/empresa-socialmente-comprometida\/"]}]},{"@type":"ImageObject","inLanguage":"pt-BR","@id":"https:\/\/bedson.com\/empresa-socialmente-comprometida\/#primaryimage","url":"https:\/\/bedson.com\/wp\/wp-content\/uploads\/2025\/05\/empresa-socialmente-responsable-1.png","contentUrl":"https:\/\/bedson.com\/wp\/wp-content\/uploads\/2025\/05\/empresa-socialmente-responsable-1.png"},{"@type":"BreadcrumbList","@id":"https:\/\/bedson.com\/empresa-socialmente-comprometida\/#breadcrumb","itemListElement":[{"@type":"ListItem","position":1,"name":"Inicio","item":"https:\/\/bedson.com\/"},{"@type":"ListItem","position":2,"name":"Empresa Socialmente Comprometida"}]},{"@type":"WebSite","@id":"https:\/\/bedson.com\/#website","url":"https:\/\/bedson.com\/","name":"Bedson SA","description":"","publisher":{"@id":"https:\/\/bedson.com\/#organization"},"potentialAction":[{"@type":"SearchAction","target":{"@type":"EntryPoint","urlTemplate":"https:\/\/bedson.com\/?s={search_term_string}"},"query-input":{"@type":"PropertyValueSpecification","valueRequired":true,"valueName":"search_term_string"}}],"inLanguage":"pt-BR"},{"@type":"Organization","@id":"https:\/\/bedson.com\/#organization","name":"Bedson SA","url":"https:\/\/bedson.com\/","logo":{"@type":"ImageObject","inLanguage":"pt-BR","@id":"https:\/\/bedson.com\/#\/schema\/logo\/image\/","url":"https:\/\/bedson.com\/wp\/wp-content\/uploads\/2024\/04\/cropped-logo-bedson-copia.webp","contentUrl":"https:\/\/bedson.com\/wp\/wp-content\/uploads\/2024\/04\/cropped-logo-bedson-copia.webp","width":101,"height":98,"caption":"Bedson SA"},"image":{"@id":"https:\/\/bedson.com\/#\/schema\/logo\/image\/"}}]}},"_links":{"self":[{"href":"https:\/\/bedson.com\/pt\/wp-json\/wp\/v2\/pages\/2264","targetHints":{"allow":["GET"]}}],"collection":[{"href":"https:\/\/bedson.com\/pt\/wp-json\/wp\/v2\/pages"}],"about":[{"href":"https:\/\/bedson.com\/pt\/wp-json\/wp\/v2\/types\/page"}],"author":[{"embeddable":true,"href":"https:\/\/bedson.com\/pt\/wp-json\/wp\/v2\/users\/2"}],"replies":[{"embeddable":true,"href":"https:\/\/bedson.com\/pt\/wp-json\/wp\/v2\/comments?post=2264"}],"version-history":[{"count":3,"href":"https:\/\/bedson.com\/pt\/wp-json\/wp\/v2\/pages\/2264\/revisions"}],"predecessor-version":[{"id":2270,"href":"https:\/\/bedson.com\/pt\/wp-json\/wp\/v2\/pages\/2264\/revisions\/2270"}],"wp:attachment":[{"href":"https:\/\/bedson.com\/pt\/wp-json\/wp\/v2\/media?parent=2264"}],"curies":[{"name":"wp","href":"https:\/\/api.w.org\/{rel}","templated":true}]}}