{"id":1758,"date":"2024-04-24T02:58:01","date_gmt":"2024-04-24T02:58:01","guid":{"rendered":"https:\/\/bedson.com\/wp\/?page_id=1758"},"modified":"2024-05-23T11:41:29","modified_gmt":"2024-05-23T11:41:29","slug":"politica-de-privaciddad-para-aplicaciones-moviles-bedson-s-a","status":"publish","type":"page","link":"https:\/\/bedson.com\/pt\/politica-de-privaciddad-para-aplicaciones-moviles-bedson-s-a\/","title":{"rendered":"Pol\u00edtica de privacidad para app m\u00f3viles"},"content":{"rendered":"<div data-elementor-type=\"wp-page\" data-elementor-id=\"1758\" class=\"elementor elementor-1758\" data-elementor-post-type=\"page\">\n\t\t\t\t<div class=\"elementor-element elementor-element-41a7344 e-con-full e-flex e-con e-parent\" data-id=\"41a7344\" data-element_type=\"container\" data-e-type=\"container\">\n\t\t\t\t<div class=\"elementor-element elementor-element-d935609 elementor-widget elementor-widget-text-editor\" data-id=\"d935609\" data-element_type=\"widget\" data-e-type=\"widget\" data-widget_type=\"text-editor.default\">\n\t\t\t\t<div class=\"elementor-widget-container\">\n\t\t\t\t\t\t\t\t\t<h1><strong>POL\u00cdTICA DE PRIVACIDAD PARA APLICACIONES M\u00d3VILES<\/strong><br \/><strong>BEDSON S.A.<\/strong><\/h1><p>Nuestra pol\u00edtica de privacidad se aplica al uso de las APPs y aplicaciones inform\u00e1ticas de\u00a0<b>Bedson S.A.<\/b>\u00a0para dispositivos m\u00f3viles Android y iOS.<\/p><p>Nuestra pol\u00edtica de privacidad incluye las condiciones de uso de las aplicaciones. La utilizaci\u00f3n de estas implica su aceptaci\u00f3n y sin reservas a todas y cada una de las disposiciones incluidas en estas. En caso de no aceptar a dichas disposiciones no debe utilizar las aplicaciones antes mencionadas.<\/p><p>Nos reservamos el derecho a modificar, total o parcialmente esta Pol\u00edtica de Privacidad. Se aconseja que consulte esta Pol\u00edtica de Privacidad peri\u00f3dicamente para cualquier cambio, ya que el uso continuado ser\u00e1 considerado como la aprobaci\u00f3n de todos los cambios.<\/p><p>Puede comprobar el historial de esta pol\u00edtica en WWW.BEDSON.COM\/PRIVACIDAD.<\/p><h2>1. informaci\u00f3n que se obtiene la aplicaci\u00f3n y su utilizaci\u00f3n<\/h2><h3>a. Usuario proporcion\u00f3 informaci\u00f3n<\/h3><p>La aplicaci\u00f3n obtiene la informaci\u00f3n que usted proporciona cuando se descarga y se registra la aplicaci\u00f3n. Para utilizar algunos de los servicios o acceder a determinados contenidos, deber\u00e1 proporcionar previamente ciertos datos de car\u00e1cter personal, que solo ser\u00e1n utilizados para el prop\u00f3sito que fueron recopilados<\/p><p>Cuando se registre con nosotros y utilice la aplicaci\u00f3n, por lo general, deber\u00e1 proporcionar (a) su nombre, direcci\u00f3n de correo electr\u00f3nico, edad, nombre de usuario, contrase\u00f1a y otra informaci\u00f3n de registro, (b) la informaci\u00f3n que usted nos proporciona cuando se comunica con nosotros en busca de ayuda , y (c) la informaci\u00f3n que introduce en nuestro sistema al utilizar la aplicaci\u00f3n, tales como informaci\u00f3n de contacto y la informaci\u00f3n de gesti\u00f3n de proyectos.<\/p><h3>b. Protecci\u00f3n de datos personales<\/h3><p>C\u00f3mo principio general, estas aplicaciones no comparten ni revelan informaci\u00f3n obtenida, excepto cuando haya sido autorizada por usted, o en los siguientes casos:<\/p><p>a) Cuando le sea requerido por una autoridad competente y previo el cumplimiento del tr\u00e1mite legal correspondiente y b) Cuando a juicio de esta aplicaci\u00f3n sea necesario para hacer cumplir las condiciones de uso y dem\u00e1s t\u00e9rminos de la aplicaci\u00f3n, o para salvaguardar la integridad de los dem\u00e1s usuarios o de la aplicaci\u00f3n.<\/p><p>Deber\u00e1 estar consciente de que si usted voluntariamente revela informaci\u00f3n personal en l\u00ednea en un \u00e1rea p\u00fablica, esa informaci\u00f3n puede ser recogida y usada por otros. Nosotros no controlamos las acciones de nuestros visitantes y usuarios.<\/p><p>Tambi\u00e9n podemos utilizar la informaci\u00f3n que nos ha facilitado para que nos comuniquemos con usted de vez en cuando para ofrecerle informaci\u00f3n importante, noticias y promociones de marketing.<\/p><h3>c. Informaci\u00f3n recopilada autom\u00e1ticamente<\/h3><p>Adem\u00e1s, la aplicaci\u00f3n puede recopilar cierta informaci\u00f3n autom\u00e1ticamente, incluyendo, pero no limitado a el tipo de dispositivo m\u00f3vil que utilice, los dispositivos m\u00f3viles de identificaci\u00f3n \u00fanica del dispositivo, la direcci\u00f3n IP de su dispositivo m\u00f3vil, el sistema operativo m\u00f3vil, el tipo de m\u00f3vil navegadores de Internet que utiliza, y la informaci\u00f3n sobre el modo de usar la aplicaci\u00f3n.<\/p><h2>\u00bfLa aplicaci\u00f3n recopila informaci\u00f3n de ubicaci\u00f3n precisa en tiempo real del dispositivo?<\/h2><p>Esta aplicaci\u00f3n no recoge informaci\u00f3n precisa sobre la ubicaci\u00f3n de su dispositivo m\u00f3vil.<\/p><h2>\u00bfLos terceros pueden ver y\/o tener acceso a la informaci\u00f3n obtenida por la aplicaci\u00f3n?<\/h2><p>No. Bedson S.A no va a compartir su informaci\u00f3n con terceros.<\/p><h2>Recopilaci\u00f3n autom\u00e1tica de datos y publicidad<\/h2><p>Podemos trabajar con las empresas de an\u00e1lisis para ayudar a entender c\u00f3mo se est\u00e1 utilizando la aplicaci\u00f3n, tales como la frecuencia y duraci\u00f3n de uso. Trabajamos con los anunciantes y redes publicitarias de terceros, que tienen que saber la forma de interactuar con la publicidad prevista en la solicitud que nos ayuda a mantener el costo de la aplicaci\u00f3n GRATIS. Los anunciantes y redes publicitarias usan parte de la informaci\u00f3n recopilada por la Aplicaci\u00f3n, incluyendo, pero no limitado a \u00e9l ID \u00fanico de identificaci\u00f3n de su dispositivo m\u00f3vil y su n\u00famero de tel\u00e9fono m\u00f3vil. Para proteger el anonimato de esta informaci\u00f3n, utilizamos una tecnolog\u00eda de encriptaci\u00f3n para asegurar que estos terceros no pueden identificar personalmente. Estas terceras partes tambi\u00e9n pueden obtener informaci\u00f3n an\u00f3nima acerca de otras aplicaciones que haya descargado en su dispositivo m\u00f3vil, los sitios web para m\u00f3viles que visita, la informaci\u00f3n de ubicaci\u00f3n no precisa (por ejemplo, el c\u00f3digo postal), y otra informaci\u00f3n de ubicaci\u00f3n no precisa con el fin de ayudar a analizar y servir la publicidad dirigida an\u00f3nima sobre la aplicaci\u00f3n y en otros lugares. Tambi\u00e9n podemos compartir versiones cifradas de la informaci\u00f3n que ha proporcionado a fin de que nuestros socios para anexar otra informaci\u00f3n disponible acerca de usted para el an\u00e1lisis o el uso relacionado con la publicidad.<\/p><p>Si desea darse de baja del uso de terceras partes de este tipo de informaci\u00f3n para ayudar a servir la publicidad dirigida, por favor visite la secci\u00f3n titulada &#8220;Opt &#8211; out&#8221; a continuaci\u00f3n.<\/p><h3>\u00bfCu\u00e1les son mis derechos Opt -\u00ad\u00ad out?<\/h3><p>Existen m\u00faltiples opciones de Opt &#8211; out para los usuarios de esta aplicaci\u00f3n:<\/p><p>Opt &#8211; out de toda la informaci\u00f3n recogida por la desinstalaci\u00f3n de la aplicaci\u00f3n: Puede detener toda la colecci\u00f3n de informaci\u00f3n por la aplicaci\u00f3n de forma sencilla mediante la desinstalaci\u00f3n de la aplicaci\u00f3n. Puede utilizar los procesos est\u00e1ndar de desinstalaci\u00f3n que disponibles como parte de su dispositivo m\u00f3vil o por el mercado de aplicaciones m\u00f3viles o la red.<\/p><p>Opt &#8211; out por el uso de la informaci\u00f3n para servir publicidad orientada por los anunciantes directos y\/o anunciantes de red de terceros: es posible que en cualquier realizar opt &#8211; out de los datos a los cu\u00e1les el usuario nos permite tener acceso a trav\u00e9s del \u00edcono configuraci\u00f3n ubicado en el borde superior derecho de cada aplicaci\u00f3n.<\/p><h2>Pol\u00edtica de Retenci\u00f3n de Datos, Gesti\u00f3n de la Informaci\u00f3n<\/h2><p>Vamos a conservar datos de cada usuario proporcionada por el tiempo que se utiliza la aplicaci\u00f3n y durante un plazo razonable. Vamos a conservar la informaci\u00f3n recopilada autom\u00e1ticamente hasta por 3 A\u00d1OS y, posteriormente, se puede guardar definitivamente. Si desea que eliminemos los datos del usuario que han sido proporcionados a trav\u00e9s de la aplicaci\u00f3n, p\u00f3ngase en contacto con nosotros en info@bedson.com y le responderemos en un plazo razonable. Tenga en cuenta que algunos o todos los datos que proporcionaron los usuarios pueden ser requeridos para que la aplicaci\u00f3n funcione correctamente.<\/p><h2>Ni\u00f1os<\/h2><p>No utilizaremos la aplicaci\u00f3n para obtener datos a ni\u00f1os menores de 13 a\u00f1os. Si un padre o tutor tiene conocimiento de que su hijo nos ha proporcionado informaci\u00f3n sin su consentimiento, \u00e9l o ella debe ponerse en contacto con nosotros a info@bedson.com.<\/p><p>Vamos a eliminar dicha informaci\u00f3n de nuestros archivos dentro de un plazo razonable.<\/p><h2>Seguridad<\/h2><p>Estamos preocupados por salvaguardar la confidencialidad de su informaci\u00f3n. Proveemos salvaguardas f\u00edsicas, electr\u00f3nicas y de procedimiento para proteger la informaci\u00f3n que procesamos y mantener. Por ejemplo, limitamos el acceso a esta informaci\u00f3n a los empleados y contratistas autorizados que necesitan conocer dicha informaci\u00f3n para operar, desarrollar o mejorar nuestra aplicaci\u00f3n. Tenga en cuenta que, aunque nos esforzamos por proporcionar seguridad razonable de informaci\u00f3n que procesamos y mantenemos, ning\u00fan sistema de seguridad puede prevenir todas las brechas de seguridad potenciales.<\/p><h2>Su Consentimiento<\/h2><p>Mediante el uso de la aplicaci\u00f3n, usted acepta nuestro procesamiento de sus datos en los t\u00e9rminos de esta Pol\u00edtica de Privacidad de vez en cuando modificado por nosotros. &#8220;Proceso&#8221;, significa el uso de cookies en un dispositivo de computadora y\/o port\u00e1til o tocar la informaci\u00f3n de cualquier manera, no limitado a recoger, almacenar, borrar, utilizar la combinaci\u00f3n y la divulgaci\u00f3n de la informaci\u00f3n, todas las actividades que se llevar\u00e1n a cabo en Argentina. Si reside fuera de Argentina su informaci\u00f3n ser\u00e1 transferida, procesada y almacenada all\u00ed en Argentina en base a las normas de privacidad.<\/p><h2>Cont\u00e1ctenos<\/h2><p>Si usted tiene alguna pregunta respecto a la privacidad durante el uso de la aplicaci\u00f3n, o si tiene preguntas sobre nuestras pr\u00e1cticas, por favor p\u00f3ngase en contacto con nosotros por correo electr\u00f3nico a info@bedson.com.<\/p>\t\t\t\t\t\t\t\t<\/div>\n\t\t\t\t<\/div>\n\t\t\t\t<\/div>\n\t\t\t\t<\/div>","protected":false},"excerpt":{"rendered":"<p>POL\u00cdTICA DE PRIVACIDAD PARA APLICACIONES M\u00d3VILESBEDSON S.A. Nuestra pol\u00edtica de privacidad se aplica al uso de las APPs y aplicaciones inform\u00e1ticas de\u00a0Bedson S.A.\u00a0para dispositivos m\u00f3viles Android y iOS. Nuestra pol\u00edtica de privacidad incluye las condiciones de uso de las aplicaciones. La utilizaci\u00f3n de estas implica su aceptaci\u00f3n y sin reservas a todas y cada una [&hellip;]<\/p>\n","protected":false},"author":1,"featured_media":0,"parent":0,"menu_order":0,"comment_status":"closed","ping_status":"closed","template":"elementor_canvas","meta":{"_joinchat":[],"footnotes":""},"class_list":["post-1758","page","type-page","status-publish","hentry"],"yoast_head":"<!-- This site is optimized with the Yoast SEO plugin v27.2 - https:\/\/yoast.com\/product\/yoast-seo-wordpress\/ -->\n<title>Pol\u00edtica de privacidad para app m\u00f3viles - Bedson SA<\/title>\n<meta name=\"description\" content=\"Nuestra pol\u00edtica de privacidad se aplica al uso de las APPs y aplicaciones inform\u00e1ticas de Bedson S.A. para dispositivos m\u00f3viles\" \/>\n<meta name=\"robots\" content=\"index, follow, max-snippet:-1, max-image-preview:large, max-video-preview:-1\" \/>\n<link rel=\"canonical\" href=\"https:\/\/bedson.com\/pt\/politica-de-privaciddad-para-aplicaciones-moviles-bedson-s-a\/\" \/>\n<meta property=\"og:locale\" content=\"pt_BR\" \/>\n<meta property=\"og:type\" content=\"article\" \/>\n<meta property=\"og:title\" content=\"Pol\u00edtica de privacidad para app m\u00f3viles - Bedson SA\" \/>\n<meta property=\"og:description\" content=\"Nuestra pol\u00edtica de privacidad se aplica al uso de las APPs y aplicaciones inform\u00e1ticas de Bedson S.A. para dispositivos m\u00f3viles\" \/>\n<meta property=\"og:url\" content=\"https:\/\/bedson.com\/pt\/politica-de-privaciddad-para-aplicaciones-moviles-bedson-s-a\/\" \/>\n<meta property=\"og:site_name\" content=\"Bedson SA\" \/>\n<meta property=\"article:modified_time\" content=\"2024-05-23T11:41:29+00:00\" \/>\n<meta name=\"twitter:card\" content=\"summary_large_image\" \/>\n<meta name=\"twitter:label1\" content=\"Est. tempo de leitura\" \/>\n\t<meta name=\"twitter:data1\" content=\"6 minutos\" \/>\n<script type=\"application\/ld+json\" class=\"yoast-schema-graph\">{\"@context\":\"https:\/\/schema.org\",\"@graph\":[{\"@type\":\"WebPage\",\"@id\":\"https:\/\/bedson.com\/politica-de-privaciddad-para-aplicaciones-moviles-bedson-s-a\/\",\"url\":\"https:\/\/bedson.com\/politica-de-privaciddad-para-aplicaciones-moviles-bedson-s-a\/\",\"name\":\"Pol\u00edtica de privacidad para app m\u00f3viles - Bedson SA\",\"isPartOf\":{\"@id\":\"https:\/\/bedson.com\/#website\"},\"datePublished\":\"2024-04-24T02:58:01+00:00\",\"dateModified\":\"2024-05-23T11:41:29+00:00\",\"description\":\"Nuestra pol\u00edtica de privacidad se aplica al uso de las APPs y aplicaciones inform\u00e1ticas de Bedson S.A. para dispositivos m\u00f3viles\",\"breadcrumb\":{\"@id\":\"https:\/\/bedson.com\/politica-de-privaciddad-para-aplicaciones-moviles-bedson-s-a\/#breadcrumb\"},\"inLanguage\":\"pt-BR\",\"potentialAction\":[{\"@type\":\"ReadAction\",\"target\":[\"https:\/\/bedson.com\/politica-de-privaciddad-para-aplicaciones-moviles-bedson-s-a\/\"]}]},{\"@type\":\"BreadcrumbList\",\"@id\":\"https:\/\/bedson.com\/politica-de-privaciddad-para-aplicaciones-moviles-bedson-s-a\/#breadcrumb\",\"itemListElement\":[{\"@type\":\"ListItem\",\"position\":1,\"name\":\"Inicio\",\"item\":\"https:\/\/bedson.com\/\"},{\"@type\":\"ListItem\",\"position\":2,\"name\":\"Pol\u00edtica de privacidad para app m\u00f3viles\"}]},{\"@type\":\"WebSite\",\"@id\":\"https:\/\/bedson.com\/#website\",\"url\":\"https:\/\/bedson.com\/\",\"name\":\"Bedson SA\",\"description\":\"\",\"publisher\":{\"@id\":\"https:\/\/bedson.com\/#organization\"},\"potentialAction\":[{\"@type\":\"SearchAction\",\"target\":{\"@type\":\"EntryPoint\",\"urlTemplate\":\"https:\/\/bedson.com\/?s={search_term_string}\"},\"query-input\":{\"@type\":\"PropertyValueSpecification\",\"valueRequired\":true,\"valueName\":\"search_term_string\"}}],\"inLanguage\":\"pt-BR\"},{\"@type\":\"Organization\",\"@id\":\"https:\/\/bedson.com\/#organization\",\"name\":\"Bedson SA\",\"url\":\"https:\/\/bedson.com\/\",\"logo\":{\"@type\":\"ImageObject\",\"inLanguage\":\"pt-BR\",\"@id\":\"https:\/\/bedson.com\/#\/schema\/logo\/image\/\",\"url\":\"https:\/\/bedson.com\/wp\/wp-content\/uploads\/2024\/04\/cropped-logo-bedson-copia.webp\",\"contentUrl\":\"https:\/\/bedson.com\/wp\/wp-content\/uploads\/2024\/04\/cropped-logo-bedson-copia.webp\",\"width\":101,\"height\":98,\"caption\":\"Bedson SA\"},\"image\":{\"@id\":\"https:\/\/bedson.com\/#\/schema\/logo\/image\/\"}}]}<\/script>\n<!-- \/ Yoast SEO plugin. -->","yoast_head_json":{"title":"Pol\u00edtica de privacidad para app m\u00f3viles - Bedson SA","description":"Nuestra pol\u00edtica de privacidad se aplica al uso de las APPs y aplicaciones inform\u00e1ticas de Bedson S.A. para dispositivos m\u00f3viles","robots":{"index":"index","follow":"follow","max-snippet":"max-snippet:-1","max-image-preview":"max-image-preview:large","max-video-preview":"max-video-preview:-1"},"canonical":"https:\/\/bedson.com\/pt\/politica-de-privaciddad-para-aplicaciones-moviles-bedson-s-a\/","og_locale":"pt_BR","og_type":"article","og_title":"Pol\u00edtica de privacidad para app m\u00f3viles - Bedson SA","og_description":"Nuestra pol\u00edtica de privacidad se aplica al uso de las APPs y aplicaciones inform\u00e1ticas de Bedson S.A. para dispositivos m\u00f3viles","og_url":"https:\/\/bedson.com\/pt\/politica-de-privaciddad-para-aplicaciones-moviles-bedson-s-a\/","og_site_name":"Bedson SA","article_modified_time":"2024-05-23T11:41:29+00:00","twitter_card":"summary_large_image","twitter_misc":{"Est. tempo de leitura":"6 minutos"},"schema":{"@context":"https:\/\/schema.org","@graph":[{"@type":"WebPage","@id":"https:\/\/bedson.com\/politica-de-privaciddad-para-aplicaciones-moviles-bedson-s-a\/","url":"https:\/\/bedson.com\/politica-de-privaciddad-para-aplicaciones-moviles-bedson-s-a\/","name":"Pol\u00edtica de privacidad para app m\u00f3viles - Bedson SA","isPartOf":{"@id":"https:\/\/bedson.com\/#website"},"datePublished":"2024-04-24T02:58:01+00:00","dateModified":"2024-05-23T11:41:29+00:00","description":"Nuestra pol\u00edtica de privacidad se aplica al uso de las APPs y aplicaciones inform\u00e1ticas de Bedson S.A. para dispositivos m\u00f3viles","breadcrumb":{"@id":"https:\/\/bedson.com\/politica-de-privaciddad-para-aplicaciones-moviles-bedson-s-a\/#breadcrumb"},"inLanguage":"pt-BR","potentialAction":[{"@type":"ReadAction","target":["https:\/\/bedson.com\/politica-de-privaciddad-para-aplicaciones-moviles-bedson-s-a\/"]}]},{"@type":"BreadcrumbList","@id":"https:\/\/bedson.com\/politica-de-privaciddad-para-aplicaciones-moviles-bedson-s-a\/#breadcrumb","itemListElement":[{"@type":"ListItem","position":1,"name":"Inicio","item":"https:\/\/bedson.com\/"},{"@type":"ListItem","position":2,"name":"Pol\u00edtica de privacidad para app m\u00f3viles"}]},{"@type":"WebSite","@id":"https:\/\/bedson.com\/#website","url":"https:\/\/bedson.com\/","name":"Bedson SA","description":"","publisher":{"@id":"https:\/\/bedson.com\/#organization"},"potentialAction":[{"@type":"SearchAction","target":{"@type":"EntryPoint","urlTemplate":"https:\/\/bedson.com\/?s={search_term_string}"},"query-input":{"@type":"PropertyValueSpecification","valueRequired":true,"valueName":"search_term_string"}}],"inLanguage":"pt-BR"},{"@type":"Organization","@id":"https:\/\/bedson.com\/#organization","name":"Bedson SA","url":"https:\/\/bedson.com\/","logo":{"@type":"ImageObject","inLanguage":"pt-BR","@id":"https:\/\/bedson.com\/#\/schema\/logo\/image\/","url":"https:\/\/bedson.com\/wp\/wp-content\/uploads\/2024\/04\/cropped-logo-bedson-copia.webp","contentUrl":"https:\/\/bedson.com\/wp\/wp-content\/uploads\/2024\/04\/cropped-logo-bedson-copia.webp","width":101,"height":98,"caption":"Bedson SA"},"image":{"@id":"https:\/\/bedson.com\/#\/schema\/logo\/image\/"}}]}},"_links":{"self":[{"href":"https:\/\/bedson.com\/pt\/wp-json\/wp\/v2\/pages\/1758","targetHints":{"allow":["GET"]}}],"collection":[{"href":"https:\/\/bedson.com\/pt\/wp-json\/wp\/v2\/pages"}],"about":[{"href":"https:\/\/bedson.com\/pt\/wp-json\/wp\/v2\/types\/page"}],"author":[{"embeddable":true,"href":"https:\/\/bedson.com\/pt\/wp-json\/wp\/v2\/users\/1"}],"replies":[{"embeddable":true,"href":"https:\/\/bedson.com\/pt\/wp-json\/wp\/v2\/comments?post=1758"}],"version-history":[{"count":3,"href":"https:\/\/bedson.com\/pt\/wp-json\/wp\/v2\/pages\/1758\/revisions"}],"predecessor-version":[{"id":2103,"href":"https:\/\/bedson.com\/pt\/wp-json\/wp\/v2\/pages\/1758\/revisions\/2103"}],"wp:attachment":[{"href":"https:\/\/bedson.com\/pt\/wp-json\/wp\/v2\/media?parent=1758"}],"curies":[{"name":"wp","href":"https:\/\/api.w.org\/{rel}","templated":true}]}}