{"id":7393,"date":"2022-06-02T10:00:12","date_gmt":"2022-06-02T13:00:12","guid":{"rendered":"https:\/\/bedson.com\/es\/?page_id=7393"},"modified":"2025-04-24T12:18:16","modified_gmt":"2025-04-24T15:18:16","slug":"inicio","status":"publish","type":"page","link":"https:\/\/bedson.com\/es\/","title":{"rendered":"Inicio"},"content":{"rendered":"<div class=\"wpb-content-wrapper\"><p>[vc_row full_width=&#8221;stretch_row_content_no_spaces&#8221; full_height=&#8221;yes&#8221; columns_placement=&#8221;top&#8221; content_placement=&#8221;top&#8221; css=&#8221;.vc_custom_1687368972238{margin-bottom: 15px !important;padding-bottom: 0px !important;background-position: center !important;background-repeat: no-repeat !important;background-size: cover !important;}&#8221; el_class=&#8221;margenbox imagentex sec-top&#8221; el_id=&#8221;nosotros&#8221;][vc_column width=&#8221;7\/12&#8243;][vc_column_text css_animation=&#8221;fadeInLeft&#8221; css=&#8221;.vc_custom_1686763833087{margin-right: 20px !important;}&#8221; el_id=&#8221;nosotros&#8221;]<\/p>\n<p style=\"font-weight: 400; line-height: 1.2; text-align: justify;\"><span style=\"font-size: 14px; color: #333333;\"><span class=\"fontstyle0\">BEDSON EUROPE, una compa\u00f1\u00eda que naci\u00f3 en Madrid en el a\u00f1o 2003 con el objetivo de desarrollar, producir y vender premezclas de aditivos para uso veterinario basados fundamentalmente en extractos vegetales.<br \/>\nDesde su inicio, la compa\u00f1\u00eda se dedic\u00f3 a atender y hacer crecer los mercados de Europa, \u00c1frica, Asia y Oriente Medio, logrando un importante crecimiento en ventas y la llegada de nuevos clientes en diferentes pa\u00edses.<\/span><\/span><\/p>\n<p style=\"text-align: justify;\"><span style=\"font-size: 14px; color: #333333;\">En 2013, BEDSON EUROPE abri\u00f3 su sede en M\u00e1laga Tech Park (PTA), iniciando una etapa de investigaci\u00f3n y crecimiento que permiti\u00f3 el desarrollo de nuevos productos, con fabricaci\u00f3n propia, adaptados a las necesidades del mercado europeo y de exportaci\u00f3n.<\/span><\/p>\n<p style=\"text-align: justify;\"><span style=\"font-size: 14px; color: #333333;\">Gracias a la innovaci\u00f3n y la excelencia en la producci\u00f3n de sus productos, BEDSON EUROPE se consolid\u00f3 como un actor principal entre las empresas dedicadas a la alimentaci\u00f3n animal con base en la Uni\u00f3n Europea.<\/span><\/p>\n<p style=\"text-align: justify;\"><span style=\"font-size: 14px; color: #333333;\">Con 20 a\u00f1os de presencia en el mercado europeo, hoy la compa\u00f1\u00eda genera fuentes de trabajo y productos de alta calidad, desarrollados y producidos con la m\u00e1s alta excelencia, bajo normas de calidad FAMI-QS, siendo este un sistema global de gesti\u00f3n de calidad y seguridad alimentaria dise\u00f1ado por la Asociaci\u00f3n Europea de Fabricantes de Aditivos para Alimentos, con el fin de garantizar el cumplimiento de las leyes europeas, proteger la seguridad y mejorar la calidad de los alimentos. BEDSON EUROPE renueva su compromiso con los consumidores fabricando sus productos en Europa bajo estricta supervisi\u00f3n de este sistema de gesti\u00f3n.<\/span><\/p>\n<p style=\"text-align: justify;\"><span style=\"font-size: 14px; color: #333333;\">BEDSON EUROPE, comprometida en llevar al mercado productos destinados a aportar calidad y seguridad a una nutrici\u00f3n animal m\u00e1s eficiente, basada en la utilizaci\u00f3n de productos naturales, que finalmente contribuyen a la salud de todos. Fiel a este objetivo, hist\u00f3rico en la compa\u00f1\u00eda, en un mercado altamente competitivo, ofrecemos soluciones adaptadas a las necesidades de cada sector productivo. Nos impulsa un gran respeto hacia nuestros or\u00edgenes, pero trabajamos con la vista puesta en el futuro, proyectando desde Espa\u00f1a las respuestas a los nuevos retos que la industria exige.<\/span><\/p>\n<p>[\/vc_column_text][\/vc_column][vc_column width=&#8221;5\/12&#8243; css=&#8221;.vc_custom_1687368947474{margin-right: 0px !important;margin-left: 0px !important;padding-top: 0px !important;padding-right: 0px !important;}&#8221;][vc_single_image image=&#8221;7621&#8243; img_size=&#8221;full&#8221; alignment=&#8221;right&#8221; css=&#8221;.vc_custom_1687368939365{margin-top: 0px !important;margin-right: 0px !important;margin-bottom: 0px !important;padding-top: 0px !important;padding-right: 0px !important;padding-bottom: 0px !important;padding-left: 10px !important;}&#8221; animation_type=&#8221;fadeInRight&#8221;][\/vc_column][\/vc_row][vc_row full_width=&#8221;stretch_row_content_no_spaces&#8221; equal_height=&#8221;yes&#8221; content_placement=&#8221;top&#8221; css=&#8221;.vc_custom_1687445384860{margin-top: 0px !important;padding-top: 0px !important;background-position: center !important;background-repeat: no-repeat !important;background-size: cover !important;}&#8221; el_class=&#8221;sec-res invertircolcelu margencel&#8221; el_id=&#8221;productos&#8221;][vc_column width=&#8221;1\/2&#8243; css=&#8221;.vc_custom_1686755979063{margin-left: 0px !important;padding-right: 0px !important;}&#8221; el_class=&#8221;imagentex&#8221;][vc_single_image image=&#8221;7620&#8243; img_size=&#8221;full&#8221; css=&#8221;.vc_custom_1686939344204{margin-right: 0px !important;margin-bottom: 0px !important;padding-top: 0px !important;padding-right: 10px !important;padding-bottom: 0px !important;padding-left: 0px !important;}&#8221; animation_type=&#8221;fadeInLeft&#8221; el_class=&#8221;subimagen&#8221;][\/vc_column][vc_column width=&#8221;1\/2&#8243; css=&#8221;.vc_custom_1686765148497{margin-top: 0px !important;padding-top: 0px !important;}&#8221; el_class=&#8221;espcelusol margenboxleft&#8221;][vc_single_image image=&#8221;7450&#8243; img_size=&#8221;386&#215;66&#8243; css=&#8221;.vc_custom_1687369061565{margin-top: 20px !important;padding-bottom: 0px !important;}&#8221; animation_type=&#8221;fadeInDown&#8221;][vc_row_inner equal_height=&#8221;yes&#8221; content_placement=&#8221;bottom&#8221; gap=&#8221;1&#8243; css=&#8221;.vc_custom_1686763530497{margin-top: 0px !important;margin-bottom: 10px !important;padding-top: 0px !important;padding-bottom: 0px !important;}&#8221;][vc_column_inner width=&#8221;2\/3&#8243; css=&#8221;.vc_custom_1654024886847{margin-right: 0px !important;padding-right: 0px !important;}&#8221; offset=&#8221;vc_col-xs-9&#8243;][vc_column_text css_animation=&#8221;fadeInLeft&#8221; css=&#8221;.vc_custom_1741782262687{margin-right: 20px !important;margin-bottom: -5px !important;padding-top: 5px !important;padding-bottom: 0px !important;}&#8221;]<img loading=\"lazy\" decoding=\"async\" class=\"alignnone size-full wp-image-7864\" src=\"https:\/\/bedson.com\/es\/wp-content\/uploads\/2025\/02\/Captura-de-pantalla-2025-02-25-113448.png\" alt=\"\" width=\"40\" height=\"36\" \/> <span style=\"color: #99cc00; font-size: 22px;\"><strong>BEDGEN 40\u00ae SFA LIQUIDO<\/strong><\/span><\/p>\n<p><img loading=\"lazy\" decoding=\"async\" class=\"alignnone size-full wp-image-7864\" src=\"https:\/\/bedson.com\/es\/wp-content\/uploads\/2025\/02\/Captura-de-pantalla-2025-02-25-113448.png\" alt=\"\" width=\"40\" height=\"36\" \/> <span style=\"color: #99cc00; font-size: 18px;\"><strong><span style=\"font-size: 22px;\">BEDGEN 40\u00ae ST PLUS<\/span>\u00a0 <\/strong><\/span><span style=\"font-size: 12px;\">(\u00danicamente disponible para venta fuera de Europa)<\/span><\/p>\n<p><img loading=\"lazy\" decoding=\"async\" class=\"alignnone size-full wp-image-7864\" src=\"https:\/\/bedson.com\/es\/wp-content\/uploads\/2025\/02\/Captura-de-pantalla-2025-02-25-113448.png\" alt=\"\" width=\"40\" height=\"36\" \/> \u00a0<img loading=\"lazy\" decoding=\"async\" class=\"alignnone wp-image-7876\" src=\"https:\/\/bedson.com\/es\/wp-content\/uploads\/2025\/03\/Captura-de-pantalla-2025-03-11-094436.png\" alt=\"\" width=\"45\" height=\"36\" \/><span style=\"color: #99cc00; font-size: 22px;\"><strong> BEDMITOX<\/strong><\/span><\/p>\n<p><img loading=\"lazy\" decoding=\"async\" class=\"alignnone wp-image-7863\" src=\"https:\/\/bedson.com\/es\/wp-content\/uploads\/2025\/02\/Captura-de-pantalla-2025-02-25-113237.png\" alt=\"\" width=\"40\" height=\"35\" \/><span style=\"font-size: 22px; color: #41a2ba;\"> <strong>BEDGEN 40\u00ae AQUA<\/strong><\/span>[\/vc_column_text][\/vc_column_inner][vc_column_inner width=&#8221;1\/3&#8243; css=&#8221;.vc_custom_1654024895860{margin-left: 0px !important;padding-left: 0px !important;}&#8221; offset=&#8221;vc_col-xs-3&#8243;][\/vc_column_inner][\/vc_row_inner][vc_row_inner equal_height=&#8221;yes&#8221; content_placement=&#8221;bottom&#8221; gap=&#8221;1&#8243; css=&#8221;.vc_custom_1686763566145{margin-top: 0px !important;margin-bottom: 10px !important;padding-top: 0px !important;padding-bottom: 0px !important;}&#8221;][vc_column_inner width=&#8221;2\/3&#8243; css=&#8221;.vc_custom_1654024886847{margin-right: 0px !important;padding-right: 0px !important;}&#8221; offset=&#8221;vc_col-xs-9&#8243;][\/vc_column_inner][vc_column_inner width=&#8221;1\/3&#8243; css=&#8221;.vc_custom_1654024895860{margin-left: 0px !important;padding-left: 0px !important;}&#8221; offset=&#8221;vc_col-xs-3&#8243;][\/vc_column_inner][\/vc_row_inner][vc_row_inner equal_height=&#8221;yes&#8221; content_placement=&#8221;bottom&#8221; gap=&#8221;1&#8243; css=&#8221;.vc_custom_1686763573706{margin-top: 0px !important;margin-bottom: 10px !important;padding-top: 0px !important;padding-bottom: 0px !important;}&#8221;][vc_column_inner width=&#8221;2\/3&#8243; css=&#8221;.vc_custom_1654024904995{margin-right: 0px !important;padding-right: 0px !important;}&#8221; offset=&#8221;vc_col-xs-9&#8243;][vc_column_text css=&#8221;.vc_custom_1655328958233{margin-top: -10px !important;margin-right: 0px !important;margin-bottom: 5px !important;padding-top: 0px !important;padding-right: 0px !important;padding-bottom: 0px !important;padding-left: 3px !important;}&#8221;]<\/p>\n<hr \/>\n<p>[\/vc_column_text][\/vc_column_inner][vc_column_inner width=&#8221;1\/3&#8243; css=&#8221;.vc_custom_1654024912539{margin-left: 0px !important;padding-left: 0px !important;}&#8221; offset=&#8221;vc_col-xs-3&#8243;][\/vc_column_inner][\/vc_row_inner][\/vc_column][\/vc_row][vc_row full_width=&#8221;stretch_row_content_no_spaces&#8221; content_placement=&#8221;middle&#8221; css=&#8221;.vc_custom_1686842631692{margin-top: 0px !important;padding-top: 0px !important;padding-bottom: 15px !important;background-position: center !important;background-repeat: no-repeat !important;background-size: cover !important;}&#8221; el_class=&#8221;margenbox&#8221;][vc_column width=&#8221;1\/2&#8243;][vc_column_text]<img loading=\"lazy\" decoding=\"async\" class=\"wp-image-7597 alignleft\" src=\"https:\/\/bedson.com\/es\/wp-content\/uploads\/2023\/06\/FAMI-QS-Logo-2015.jpg\" alt=\"\" width=\"200\" height=\"61\" \/><\/p>\n<p>&nbsp;<\/p>\n<p>&nbsp;<\/p>\n<p><a href=\"https:\/\/bedson.com\/es\/wp-content\/uploads\/2023\/06\/CERTIFICADO-FAMIQS_BEDSON-1may-2023-22-abril-2026-solo-una-hoja.pdf\" target=\"_blank\" rel=\"noopener\"><img loading=\"lazy\" decoding=\"async\" class=\"alignleft wp-image-7260 size-full\" src=\"https:\/\/bedson.com\/es\/wp-content\/uploads\/2022\/05\/df.png\" alt=\"\" width=\"70\" height=\"30\" \/><\/a>[\/vc_column_text][\/vc_column][vc_column width=&#8221;1\/2&#8243; css=&#8221;.vc_custom_1653921346994{margin-left: 0px !important;padding-right: 0px !important;}&#8221;][\/vc_column][\/vc_row][vc_row full_width=&#8221;stretch_row_content_no_spaces&#8221; content_placement=&#8221;middle&#8221; css=&#8221;.vc_custom_1686842609610{margin-bottom: 0px !important;padding-top: 0px !important;padding-bottom: 0px !important;background-position: center !important;background-repeat: no-repeat !important;background-size: cover !important;}&#8221; el_class=&#8221;margenbox&#8221; el_id=&#8221;contacto&#8221;][vc_column width=&#8221;1\/2&#8243;][vc_column_text]<\/p>\n<p style=\"text-align: left; margin-bottom: 5px;\">\u00a0 \u00a0 \u00a0 \u00a0 \u00a0 \u00a0<img loading=\"lazy\" decoding=\"async\" class=\"wp-image-7293 size-full alignnone\" src=\"https:\/\/bedson.com\/es\/wp-content\/uploads\/2022\/05\/band.png\" alt=\"\" width=\"35\" height=\"27\" \/> <span style=\"font-size: 16px;\"><strong><span style=\"color: #5c5656;\">ESPA\u00d1A<\/span><\/strong><\/span><\/p>\n<p style=\"text-align: left; margin-bottom: 0px;\"><span style=\"font-size: 16px;\"><img loading=\"lazy\" decoding=\"async\" class=\"alignnone wp-image-7291\" src=\"https:\/\/bedson.com\/es\/wp-content\/uploads\/2022\/05\/loc.png\" alt=\"\" width=\"26\" height=\"25\" \/>\u00a0 \u00a0 <span style=\"color: #ff6c00;\"><strong>BEDSON EUROPE<\/strong><\/span><\/span><\/p>\n<p style=\"padding-left: 40px; text-align: left; margin-bottom: 0px;\"><span class=\"fontstyle0\" style=\"font-size: 16px;\">Calle Severo Ochoa 12, Of. 6, PTA.(29590),<\/span><\/p>\n<p style=\"padding-left: 40px;\"><span class=\"fontstyle0\" style=\"font-size: 16px;\">M\u00e1laga, Espa\u00f1a<\/span><\/p>\n<p style=\"margin-bottom: 5px; text-align: left;\"><span style=\"font-size: 16px;\"><img loading=\"lazy\" decoding=\"async\" class=\"alignnone wp-image-7290\" src=\"https:\/\/bedson.com\/es\/wp-content\/uploads\/2022\/05\/tel.png\" alt=\"\" width=\"26\" height=\"25\" \/>\u00a0 \u00a0 <span class=\"fontstyle0\">T + 34 952 02 04 73<\/span><\/span><\/p>\n<p>[\/vc_column_text][\/vc_column][vc_column width=&#8221;1\/2&#8243; css=&#8221;.vc_custom_1653921346994{margin-left: 0px !important;padding-right: 0px !important;}&#8221;][vc_single_image image=&#8221;7451&#8243; img_size=&#8221;full&#8221; alignment=&#8221;right&#8221; css=&#8221;.vc_custom_1655305381183{margin-right: 0px !important;padding-top: 0px !important;padding-right: 0px !important;padding-bottom: 0px !important;padding-left: 10px !important;}&#8221; animation_type=&#8221;fadeInRight&#8221;][\/vc_column][\/vc_row][vc_row full_width=&#8221;stretch_row_content_no_spaces&#8221; content_placement=&#8221;middle&#8221; text_align=&#8221;left&#8221; css=&#8221;.vc_custom_1687878318880{margin-top: 0px !important;margin-bottom: 40px !important;padding-top: 0px !important;background-position: center !important;background-repeat: no-repeat !important;background-size: cover !important;}&#8221; el_class=&#8221;espcelu margencel margenbox botonform&#8221;][vc_column width=&#8221;2\/3&#8243; text_align=&#8221;left&#8221;]\n<div class=\"wpcf7 no-js\" id=\"wpcf7-f7346-o1\" lang=\"en-US\" dir=\"ltr\" data-wpcf7-id=\"7346\">\n<div class=\"screen-reader-response\"><p role=\"status\" aria-live=\"polite\" aria-atomic=\"true\"><\/p> <ul><\/ul><\/div>\n<form action=\"\/es\/wp-json\/wp\/v2\/pages\/7393#wpcf7-f7346-o1\" method=\"post\" class=\"wpcf7-form init\" aria-label=\"Contact form\" novalidate=\"novalidate\" data-status=\"init\">\n<fieldset class=\"hidden-fields-container\"><input type=\"hidden\" name=\"_wpcf7\" value=\"7346\" \/><input type=\"hidden\" name=\"_wpcf7_version\" value=\"6.1.5\" \/><input type=\"hidden\" name=\"_wpcf7_locale\" value=\"en_US\" \/><input type=\"hidden\" name=\"_wpcf7_unit_tag\" value=\"wpcf7-f7346-o1\" \/><input type=\"hidden\" name=\"_wpcf7_container_post\" value=\"0\" \/><input type=\"hidden\" name=\"_wpcf7_posted_data_hash\" value=\"\" \/>\n<\/fieldset>\n<div class=\"row-ar\">\n\t<div class=\"col-ar-4\">\n\t\t<div class=\"form-group\">\n\t\t\t<p><span class=\"wpcf7-form-control-wrap\" data-name=\"your-name\"><input size=\"40\" maxlength=\"400\" class=\"wpcf7-form-control wpcf7-text wpcf7-validates-as-required\" aria-required=\"true\" aria-invalid=\"false\" placeholder=\"Nombre y Apellido *\" value=\"\" type=\"text\" name=\"your-name\" \/><\/span>\n\t\t\t<\/p>\n\t\t<\/div>\n\t\t<div class=\"form-group\">\n\t\t\t<p><span class=\"wpcf7-form-control-wrap\" data-name=\"your-email\"><input size=\"40\" maxlength=\"400\" class=\"wpcf7-form-control wpcf7-email wpcf7-validates-as-required wpcf7-text wpcf7-validates-as-email\" aria-required=\"true\" aria-invalid=\"false\" placeholder=\"Email *\" value=\"\" type=\"email\" name=\"your-email\" \/><\/span>\n\t\t\t<\/p>\n\t\t<\/div>\n\t\t<div class=\"form-group\">\n\t\t\t<p><span class=\"wpcf7-form-control-wrap\" data-name=\"your-phone\"><input size=\"40\" maxlength=\"400\" class=\"wpcf7-form-control wpcf7-tel wpcf7-text wpcf7-validates-as-tel\" aria-invalid=\"false\" placeholder=\"Tel\u00e9fono\" value=\"\" type=\"tel\" name=\"your-phone\" \/><\/span>\n\t\t\t<\/p>\n\t\t<\/div>\n\t<\/div>\n\t<div class=\"col-ar-8\">\n\t\t<div class=\"dejanosmensaje\">\n\t\t<\/div>\n\t\t<div class=\"form-group\">\n\t\t\t<p><span class=\"wpcf7-form-control-wrap\" data-name=\"your-message\"><textarea cols=\"40\" rows=\"10\" maxlength=\"2000\" class=\"wpcf7-form-control wpcf7-textarea wpcf7-validates-as-required\" aria-required=\"true\" aria-invalid=\"false\" placeholder=\"Escribe aqu\u00ed tu consulta\" name=\"your-message\"><\/textarea><\/span>\n\t\t\t<\/p>\n\t\t<\/div>\n\t<\/div>\n\t<div class=\"col-ar-12\">\n\t\t<p id=\"submit\"><input class=\"wpcf7-form-control wpcf7-submit has-spinner\" type=\"submit\" value=\"Enviar\" \/>\n\t\t<\/p>\n\t<\/div>\n<\/div>\n<style type=\"text\/css\">\/*Estilos Form*\/.row-ar input[type=\"email\"],.row-ar input[type=\"number\"], .row-ar input[type=\"tel\"], .row-ar textarea, .row-ar input[type=\"text\"], .row-ar select {background-color: #fff;color: #7b858a;border-color: #7b858a !important;width: 100%;}.row-ar div.wpcf7-mail-sent-ok, .row-ar .wpcf7-response-output { border: none !important;}.row-ar .col-ar-8 textarea {height: 147px;}@media (min-width: 850px){.row-ar .col-ar-4 {width: 50%;float: left;padding-right: 10px;}.row-ar .col-ar-8 {width: 50%;float: left;padding-left: 10px;}.row-ar .col-ar-12{width: 100%;float: left;}}.wpcf7 form.invalid .wpcf7-response-output {float: left;}\n<\/style><div class=\"wpcf7-response-output\" aria-hidden=\"true\"><\/div>\n<\/form>\n<\/div>\n[\/vc_column][vc_column width=&#8221;1\/3&#8243;][\/vc_column][\/vc_row][vc_row full_width=&#8221;stretch_row_content_no_spaces&#8221; content_placement=&#8221;middle&#8221; css=&#8221;.vc_custom_1655306900650{margin-bottom: 0px !important;padding-bottom: 0px !important;background-position: center !important;background-repeat: no-repeat !important;background-size: cover !important;}&#8221; el_class=&#8221;margenbox&#8221;][vc_column width=&#8221;1\/2&#8243;][\/vc_column][vc_column width=&#8221;1\/2&#8243; text_align=&#8221;right&#8221; css=&#8221;.vc_custom_1654025588699{margin-left: 0px !important;padding-right: 0px !important;}&#8221;][vc_column_text css=&#8221;.vc_custom_1702912404989{margin-bottom: 0px !important;padding-right: 15% !important;padding-bottom: 10px !important;}&#8221;]<\/p>\n<p style=\"text-align: right;\"><img loading=\"lazy\" decoding=\"async\" class=\"alignnone wp-image-7195\" src=\"https:\/\/bedson.com\/es\/wp-content\/uploads\/2022\/05\/sobre.png\" alt=\"\" width=\"25\" height=\"19\" \/> besl@bedson.com<\/p>\n<p>[\/vc_column_text][vc_single_image image=&#8221;7187&#8243; img_size=&#8221;full&#8221; alignment=&#8221;right&#8221; css=&#8221;.vc_custom_1654264456142{margin-right: 0px !important;margin-bottom: -12px !important;padding-right: 0px !important;padding-bottom: 0px !important;padding-left: 20px !important;}&#8221;][\/vc_column][\/vc_row][vc_row full_width=&#8221;stretch_row&#8221; css=&#8221;.vc_custom_1654519555822{margin-top: 0px !important;padding-top: 30px !important;padding-bottom: 0px !important;background-color: #3f3e40 !important;}&#8221; el_class=&#8221;margenbox&#8221;][vc_column width=&#8221;1\/5&#8243; css=&#8221;.vc_custom_1745507201324{margin-bottom: 0px !important;padding-bottom: 0px !important;}&#8221;][vc_column_text css=&#8221;&#8221;]<img loading=\"lazy\" decoding=\"async\" class=\"alignnone size-medium wp-image-7890\" src=\"https:\/\/bedson.com\/es\/wp-content\/uploads\/2025\/04\/isologotipo-1-300x148.png\" alt=\"\" width=\"300\" height=\"148\" \/><br \/>\n<span style=\"font-size: 12px; color: #ffffff;\">\u00a0 \u00a9 Todos los derechos reservados<\/span>[\/vc_column_text][\/vc_column][vc_column width=&#8221;2\/5&#8243; css=&#8221;.vc_custom_1612467997094{margin-bottom: 0px !important;padding-bottom: 0px !important;}&#8221;][vc_column_text css=&#8221;.vc_custom_1687874470644{margin-bottom: 0px !important;padding-bottom: 0px !important;}&#8221;]<\/p>\n<ul>\n<li><span style=\"font-size: 11px; color: #ffffff;\"><a style=\"color: #ffffff;\" href=\"https:\/\/bedson.com\/es\/wp-content\/uploads\/2022\/06\/20220301_Politica-de-Calidad-de-BESL-v05.pdf\" target=\"_blank\" rel=\"noopener noreferrer\">POL\u00cdTICA DE CALIDAD DE BEDSON ESPA\u00d1A SL<\/a><\/span><\/li>\n<li><span style=\"font-size: 11px;\"><a style=\"color: #ffffff;\" href=\"https:\/\/bedson.com\/es\/wp-content\/uploads\/2022\/06\/20220301-POLITICA-PDatos.pdf\" target=\"_blank\" rel=\"noopener noreferrer\">POL\u00cdTICA DE PROTECCI\u00d3N DE DATOS DE BEDSON ESPA\u00d1A SL<\/a><\/span><\/li>\n<\/ul>\n<p>[\/vc_column_text][\/vc_column][vc_column width=&#8221;2\/5&#8243; text_align=&#8221;center&#8221; css=&#8221;.vc_custom_1654264012138{margin-top: 0px !important;margin-bottom: 0px !important;padding-top: 0px !important;padding-bottom: 0px !important;}&#8221; el_class=&#8221;footer&#8221;][vc_column_text css=&#8221;.vc_custom_1687874530958{margin-top: 0px !important;margin-bottom: 0px !important;padding-top: 0px !important;padding-bottom: 60px !important;}&#8221;]<\/p>\n<ul>\n<li style=\"text-align: left;\"><span style=\"font-size: 11px;\"><a style=\"color: #ffffff;\" href=\"https:\/\/bedson.com\/es\/wp-content\/uploads\/2022\/06\/AVISO-LEGAL-BEDSON.pdf\" target=\"_blank\" rel=\"noopener noreferrer\">AVISO LEGAL (USO DE COOKIES) BEDSON ESPA\u00d1A SL<\/a><\/span><\/li>\n<li style=\"text-align: left;\"><span style=\"font-size: 11px;\"><a style=\"color: #ffffff;\" href=\"https:\/\/bedson.com\/es\/wp-content\/uploads\/2022\/06\/POLITICA-DE-PRIVACIDAD-PARA-APP-MOVILES-BEDSON-SA-1.pdf\" target=\"_blank\" rel=\"noopener noreferrer\">POL\u00cdTICA DE PRIVACIDAD PARA APP M\u00d3VILES BEDSON<\/a><\/span><\/li>\n<\/ul>\n<p>[\/vc_column_text][\/vc_column][\/vc_row]<\/p>\n<\/div>","protected":false},"excerpt":{"rendered":"[vc_row full_width=\"stretch_row_content_no_spaces\" full_height=\"yes\" columns_placement=\"top\" content_placement=\"top\" css=\".vc_custom_1687368972238{margin-bottom: 15px !important;padding-bottom: 0px !important;background-position: center !important;background-repeat: no-repeat !important;background-size: cover !important;}\" el_class=\"margenbox imagentex sec-top\" el_id=\"nosotros\"][vc_column width=\"7\/12\"][vc_column_text css_animation=\"fadeInLeft\" css=\".vc_custom_1686763833087{margin-right: 20px !important;}\" el_id=\"nosotros\"] BEDSON EUROPE, una compa\u00f1\u00eda que naci\u00f3 en Madrid en el a\u00f1o 2003 con el objetivo de desarrollar, producir y vender premezclas de aditivos para uso veterinario basados fundamentalmente en [...]","protected":false},"author":1,"featured_media":0,"parent":0,"menu_order":0,"comment_status":"closed","ping_status":"closed","template":"","meta":{"_joinchat":[],"footnotes":""},"class_list":["post-7393","page","type-page","status-publish","hentry"],"_links":{"self":[{"href":"https:\/\/bedson.com\/es\/wp-json\/wp\/v2\/pages\/7393","targetHints":{"allow":["GET"]}}],"collection":[{"href":"https:\/\/bedson.com\/es\/wp-json\/wp\/v2\/pages"}],"about":[{"href":"https:\/\/bedson.com\/es\/wp-json\/wp\/v2\/types\/page"}],"author":[{"embeddable":true,"href":"https:\/\/bedson.com\/es\/wp-json\/wp\/v2\/users\/1"}],"replies":[{"embeddable":true,"href":"https:\/\/bedson.com\/es\/wp-json\/wp\/v2\/comments?post=7393"}],"version-history":[{"count":4,"href":"https:\/\/bedson.com\/es\/wp-json\/wp\/v2\/pages\/7393\/revisions"}],"predecessor-version":[{"id":7892,"href":"https:\/\/bedson.com\/es\/wp-json\/wp\/v2\/pages\/7393\/revisions\/7892"}],"wp:attachment":[{"href":"https:\/\/bedson.com\/es\/wp-json\/wp\/v2\/media?parent=7393"}],"curies":[{"name":"wp","href":"https:\/\/api.w.org\/{rel}","templated":true}]}}