{"id":793,"date":"2024-04-21T04:51:49","date_gmt":"2024-04-21T04:51:49","guid":{"rendered":"https:\/\/bedson.com\/wp\/?page_id=793"},"modified":"2025-09-06T02:22:25","modified_gmt":"2025-09-06T02:22:25","slug":"rse","status":"publish","type":"page","link":"https:\/\/bedson.com\/en\/rse\/","title":{"rendered":"CSR"},"content":{"rendered":"<div data-elementor-type=\"wp-page\" data-elementor-id=\"793\" class=\"elementor elementor-793\" data-elementor-post-type=\"page\">\n\t\t\t\t<div class=\"elementor-element elementor-element-ba08966 e-flex e-con-boxed e-con e-parent\" data-id=\"ba08966\" data-element_type=\"container\" data-e-type=\"container\" data-settings=\"{&quot;background_background&quot;:&quot;classic&quot;}\">\n\t\t\t\t\t<div class=\"e-con-inner\">\n\t\t<div class=\"elementor-element elementor-element-34384dc e-flex e-con-boxed e-con e-child\" data-id=\"34384dc\" data-element_type=\"container\" data-e-type=\"container\" data-settings=\"{&quot;background_background&quot;:&quot;classic&quot;}\">\n\t\t\t\t\t<div class=\"e-con-inner\">\n\t\t\t\t<div class=\"elementor-element elementor-element-01d7fd1 elementor-icon-list--layout-inline elementor-mobile-align-center elementor-list-item-link-full_width elementor-widget elementor-widget-icon-list\" data-id=\"01d7fd1\" data-element_type=\"widget\" data-e-type=\"widget\" data-widget_type=\"icon-list.default\">\n\t\t\t\t<div class=\"elementor-widget-container\">\n\t\t\t\t\t\t\t<ul class=\"elementor-icon-list-items elementor-inline-items\">\n\t\t\t\t\t\t\t<li class=\"elementor-icon-list-item elementor-inline-item\">\n\t\t\t\t\t\t\t\t\t\t\t<a href=\"https:\/\/bedson.com\/en\">\n\n\t\t\t\t\t\t\t\t\t\t\t<span class=\"elementor-icon-list-text\">Bedson<\/span>\n\t\t\t\t\t\t\t\t\t\t\t<\/a>\n\t\t\t\t\t\t\t\t\t<\/li>\n\t\t\t\t\t\t\t\t<li class=\"elementor-icon-list-item elementor-inline-item\">\n\t\t\t\t\t\t\t\t\t\t\t<a href=\"https:\/\/bedson.com\/en\/rse\/\">\n\n\t\t\t\t\t\t\t\t\t\t\t\t<span class=\"elementor-icon-list-icon\">\n\t\t\t\t\t\t\t<svg aria-hidden=\"true\" class=\"e-font-icon-svg e-fas-chevron-right\" viewbox=\"0 0 320 512\" xmlns=\"http:\/\/www.w3.org\/2000\/svg\"><path d=\"M285.476 272.971L91.132 467.314c-9.373 9.373-24.569 9.373-33.941 0l-22.667-22.667c-9.357-9.357-9.375-24.522-.04-33.901L188.505 256 34.484 101.255c-9.335-9.379-9.317-24.544.04-33.901l22.667-22.667c9.373-9.373 24.569-9.373 33.941 0L285.475 239.03c9.373 9.372 9.373 24.568.001 33.941z\"><\/path><\/svg>\t\t\t\t\t\t<\/span>\n\t\t\t\t\t\t\t\t\t\t<span class=\"elementor-icon-list-text\">CSR<\/span>\n\t\t\t\t\t\t\t\t\t\t\t<\/a>\n\t\t\t\t\t\t\t\t\t<\/li>\n\t\t\t\t\t\t<\/ul>\n\t\t\t\t\t\t<\/div>\n\t\t\t\t<\/div>\n\t\t\t\t\t<\/div>\n\t\t\t\t<\/div>\n\t\t\t\t\t<\/div>\n\t\t\t\t<\/div>\n\t\t<div class=\"elementor-element elementor-element-6928aaf e-flex e-con-boxed e-con e-parent\" data-id=\"6928aaf\" data-element_type=\"container\" data-e-type=\"container\">\n\t\t\t\t\t<div class=\"e-con-inner\">\n\t\t\t\t<div class=\"elementor-element elementor-element-cda3e2e elementor-widget elementor-widget-heading\" data-id=\"cda3e2e\" data-element_type=\"widget\" data-e-type=\"widget\" data-widget_type=\"heading.default\">\n\t\t\t\t<div class=\"elementor-widget-container\">\n\t\t\t\t\t<h1 class=\"elementor-heading-title elementor-size-default\">CSR<\/h1>\t\t\t\t<\/div>\n\t\t\t\t<\/div>\n\t\t\t\t<div class=\"elementor-element elementor-element-df1c544 elementor-widget elementor-widget-text-editor\" data-id=\"df1c544\" data-element_type=\"widget\" data-e-type=\"widget\" data-widget_type=\"text-editor.default\">\n\t\t\t\t<div class=\"elementor-widget-container\">\n\t\t\t\t\t\t\t\t\t<p>For PAUL, the respect for the environment and social, community and environmental, deal with day-to-day of good labour relations and professionals, encourage innovation and creativity in the management processes, are the foundation of our business and we have distinguished themselves historically in a world that is ever more demanding and competitive.<\/p><p>On the basis of our social performance, we are part of the Board of trustees of the UNITED NATIONS GLOBAL COMPACT, which is why the year-to-year, we challenge you to continue to improve, demonstrating that improvement in the Sustainability Report that the company presented annually to this entity. This daily and hard work, made us deserving recognition from several external entities, such as, for example, the United Nations for the Business Development organization (UNIDO), has selected us as\u00a0<strong>one of the 10 most innovative companies of Latin america and the Caribbean<\/strong>.<\/p><p>In connection with the customer, we constantly focus on to satisfy their needs and expectations with a range of safe and effective products, establishing avenues of communication, direct and transparent.<\/p><p>With respect to our employees, we strive to ensure a positive working environment, with the training and tools necessary to carry out their tasks safely and effectively. We provide the means to develop professionally and to balance your personal needs and labour. We understand that the best capital that a company has are its employees, which is why we support your growth and improvement.<\/p><p>With our stakeholders, we acquired a social commitment and at the same time we dedicate the maximum effort to minimize the environmental impact of the development of our operational, always with the focus of obtaining the social license that will allow us to continue with our operations, to consolidate a sustainable business, thinking of the future generations.<\/p>\t\t\t\t\t\t\t\t<\/div>\n\t\t\t\t<\/div>\n\t\t<div class=\"elementor-element elementor-element-180e90f e-flex e-con-boxed e-con e-child\" data-id=\"180e90f\" data-element_type=\"container\" data-e-type=\"container\">\n\t\t\t\t\t<div class=\"e-con-inner\">\n\t\t\t\t<div class=\"elementor-element elementor-element-c5d0376 elementor-widget-mobile__width-initial elementor-widget elementor-widget-image\" data-id=\"c5d0376\" data-element_type=\"widget\" data-e-type=\"widget\" data-widget_type=\"image.default\">\n\t\t\t\t<div class=\"elementor-widget-container\">\n\t\t\t\t\t\t\t\t\t\t\t\t\t\t\t<img fetchpriority=\"high\" decoding=\"async\" width=\"295\" height=\"297\" src=\"https:\/\/bedson.com\/wp\/wp-content\/uploads\/2024\/04\/calidadcertificada3.webp\" class=\"attachment-large size-large wp-image-477\" alt=\"\" srcset=\"https:\/\/bedson.com\/wp\/wp-content\/uploads\/2024\/04\/calidadcertificada3.webp 295w, https:\/\/bedson.com\/wp\/wp-content\/uploads\/2024\/04\/calidadcertificada3-150x150.webp 150w\" sizes=\"(max-width: 295px) 100vw, 295px\" \/>\t\t\t\t\t\t\t\t\t\t\t\t\t\t\t<\/div>\n\t\t\t\t<\/div>\n\t\t\t\t<div class=\"elementor-element elementor-element-f12293e elementor-widget-mobile__width-initial elementor-widget elementor-widget-image\" data-id=\"f12293e\" data-element_type=\"widget\" data-e-type=\"widget\" data-widget_type=\"image.default\">\n\t\t\t\t<div class=\"elementor-widget-container\">\n\t\t\t\t\t\t\t\t\t\t\t\t\t\t\t<img decoding=\"async\" width=\"250\" height=\"251\" src=\"https:\/\/bedson.com\/wp\/wp-content\/uploads\/2024\/04\/desarrollo3.webp\" class=\"attachment-large size-large wp-image-512\" alt=\"\" srcset=\"https:\/\/bedson.com\/wp\/wp-content\/uploads\/2024\/04\/desarrollo3.webp 250w, https:\/\/bedson.com\/wp\/wp-content\/uploads\/2024\/04\/desarrollo3-150x150.webp 150w\" sizes=\"(max-width: 250px) 100vw, 250px\" \/>\t\t\t\t\t\t\t\t\t\t\t\t\t\t\t<\/div>\n\t\t\t\t<\/div>\n\t\t\t\t<div class=\"elementor-element elementor-element-1cde29f elementor-widget elementor-widget-image\" data-id=\"1cde29f\" data-element_type=\"widget\" data-e-type=\"widget\" data-widget_type=\"image.default\">\n\t\t\t\t<div class=\"elementor-widget-container\">\n\t\t\t\t\t\t\t\t\t\t\t\t\t\t\t<img decoding=\"async\" width=\"243\" height=\"243\" src=\"https:\/\/bedson.com\/wp\/wp-content\/uploads\/2024\/04\/calidadcertificada1-1.webp\" class=\"attachment-large size-large wp-image-522\" alt=\"\" srcset=\"https:\/\/bedson.com\/wp\/wp-content\/uploads\/2024\/04\/calidadcertificada1-1.webp 243w, https:\/\/bedson.com\/wp\/wp-content\/uploads\/2024\/04\/calidadcertificada1-1-150x150.webp 150w\" sizes=\"(max-width: 243px) 100vw, 243px\" \/>\t\t\t\t\t\t\t\t\t\t\t\t\t\t\t<\/div>\n\t\t\t\t<\/div>\n\t\t\t\t<div class=\"elementor-element elementor-element-5710786 elementor-widget elementor-widget-image\" data-id=\"5710786\" data-element_type=\"widget\" data-e-type=\"widget\" data-widget_type=\"image.default\">\n\t\t\t\t<div class=\"elementor-widget-container\">\n\t\t\t\t\t\t\t\t\t\t\t\t\t\t\t<img loading=\"lazy\" decoding=\"async\" width=\"276\" height=\"277\" src=\"https:\/\/bedson.com\/wp\/wp-content\/uploads\/2024\/04\/dearrrollo2.webp\" class=\"attachment-large size-large wp-image-507\" alt=\"\" srcset=\"https:\/\/bedson.com\/wp\/wp-content\/uploads\/2024\/04\/dearrrollo2.webp 276w, https:\/\/bedson.com\/wp\/wp-content\/uploads\/2024\/04\/dearrrollo2-150x150.webp 150w\" sizes=\"(max-width: 276px) 100vw, 276px\" \/>\t\t\t\t\t\t\t\t\t\t\t\t\t\t\t<\/div>\n\t\t\t\t<\/div>\n\t\t\t\t<div class=\"elementor-element elementor-element-7521f0b elementor-widget elementor-widget-image\" data-id=\"7521f0b\" data-element_type=\"widget\" data-e-type=\"widget\" data-widget_type=\"image.default\">\n\t\t\t\t<div class=\"elementor-widget-container\">\n\t\t\t\t\t\t\t\t\t\t\t\t\t\t\t<img loading=\"lazy\" decoding=\"async\" width=\"305\" height=\"311\" src=\"https:\/\/bedson.com\/wp\/wp-content\/uploads\/2024\/04\/calidadcertificada2.webp\" class=\"attachment-large size-large wp-image-476\" alt=\"\" srcset=\"https:\/\/bedson.com\/wp\/wp-content\/uploads\/2024\/04\/calidadcertificada2.webp 305w, https:\/\/bedson.com\/wp\/wp-content\/uploads\/2024\/04\/calidadcertificada2-294x300.webp 294w\" sizes=\"(max-width: 305px) 100vw, 305px\" \/>\t\t\t\t\t\t\t\t\t\t\t\t\t\t\t<\/div>\n\t\t\t\t<\/div>\n\t\t\t\t\t<\/div>\n\t\t\t\t<\/div>\n\t\t<div class=\"elementor-element elementor-element-9e0f1f7 e-flex e-con-boxed e-con e-child\" data-id=\"9e0f1f7\" data-element_type=\"container\" data-e-type=\"container\">\n\t\t\t\t\t<div class=\"e-con-inner\">\n\t\t\t\t<div class=\"elementor-element elementor-element-d7ece3e elementor-align-center elementor-widget elementor-widget-button\" data-id=\"d7ece3e\" data-element_type=\"widget\" data-e-type=\"widget\" data-widget_type=\"button.default\">\n\t\t\t\t<div class=\"elementor-widget-container\">\n\t\t\t\t\t\t\t\t\t<div class=\"elementor-button-wrapper\">\n\t\t\t\t\t<a class=\"elementor-button elementor-button-link elementor-size-sm\" href=\"https:\/\/bedson.com\/wp\/wp-content\/uploads\/2025\/09\/Reporte_Bedson_2024.pdf\" target=\"_blank\">\n\t\t\t\t\t\t<span class=\"elementor-button-content-wrapper\">\n\t\t\t\t\t\t<span class=\"elementor-button-icon\">\n\t\t\t\t<svg aria-hidden=\"true\" class=\"e-font-icon-svg e-far-file-pdf\" viewbox=\"0 0 384 512\" xmlns=\"http:\/\/www.w3.org\/2000\/svg\"><path d=\"M369.9 97.9L286 14C277 5 264.8-.1 252.1-.1H48C21.5 0 0 21.5 0 48v416c0 26.5 21.5 48 48 48h288c26.5 0 48-21.5 48-48V131.9c0-12.7-5.1-25-14.1-34zM332.1 128H256V51.9l76.1 76.1zM48 464V48h160v104c0 13.3 10.7 24 24 24h104v288H48zm250.2-143.7c-12.2-12-47-8.7-64.4-6.5-17.2-10.5-28.7-25-36.8-46.3 3.9-16.1 10.1-40.6 5.4-56-4.2-26.2-37.8-23.6-42.6-5.9-4.4 16.1-.4 38.5 7 67.1-10 23.9-24.9 56-35.4 74.4-20 10.3-47 26.2-51 46.2-3.3 15.8 26 55.2 76.1-31.2 22.4-7.4 46.8-16.5 68.4-20.1 18.9 10.2 41 17 55.8 17 25.5 0 28-28.2 17.5-38.7zm-198.1 77.8c5.1-13.7 24.5-29.5 30.4-35-19 30.3-30.4 35.7-30.4 35zm81.6-190.6c7.4 0 6.7 32.1 1.8 40.8-4.4-13.9-4.3-40.8-1.8-40.8zm-24.4 136.6c9.7-16.9 18-37 24.7-54.7 8.3 15.1 18.9 27.2 30.1 35.5-20.8 4.3-38.9 13.1-54.8 19.2zm131.6-5s-5 6-37.3-7.8c35.1-2.6 40.9 5.4 37.3 7.8z\"><\/path><\/svg>\t\t\t<\/span>\n\t\t\t\t\t\t\t\t\t<span class=\"elementor-button-text\">Reporte Sustentabilidad 2024<\/span>\n\t\t\t\t\t<\/span>\n\t\t\t\t\t<\/a>\n\t\t\t\t<\/div>\n\t\t\t\t\t\t\t\t<\/div>\n\t\t\t\t<\/div>\n\t\t\t\t\t<\/div>\n\t\t\t\t<\/div>\n\t\t\t\t\t<\/div>\n\t\t\t\t<\/div>\n\t\t\t\t<\/div>","protected":false},"excerpt":{"rendered":"<p>Bedson RSE RSE Para BEDSON, el respeto por el entorno social, comunitario y medioambiental, ocuparnos d\u00eda a d\u00eda de las buenas relaciones laborales y profesionales, fomentar la innovaci\u00f3n y creatividad en los procesos de gesti\u00f3n, son las bases de nuestro negocio y nos distinguieron hist\u00f3ricamente en un mundo cada vez m\u00e1s exigente y competitivo. En [&hellip;]<\/p>\n","protected":false},"author":1,"featured_media":0,"parent":0,"menu_order":0,"comment_status":"closed","ping_status":"closed","template":"","meta":{"_joinchat":[],"footnotes":""},"class_list":["post-793","page","type-page","status-publish","hentry"],"yoast_head":"<!-- This site is optimized with the Yoast SEO plugin v27.4 - https:\/\/yoast.com\/product\/yoast-seo-wordpress\/ -->\n<title>RSE - Compromiso Social y Ambiental de Bedson SA - Bedson SA<\/title>\n<meta name=\"description\" content=\"Descubre el compromiso de Bedson SA con la responsabilidad social empresarial. Fomentamos relaciones laborales positivas y sostenibilidad.\" \/>\n<meta name=\"robots\" content=\"index, follow, max-snippet:-1, max-image-preview:large, max-video-preview:-1\" \/>\n<link rel=\"canonical\" href=\"https:\/\/bedson.com\/en\/rse\/\" \/>\n<meta property=\"og:locale\" content=\"en_US\" \/>\n<meta property=\"og:type\" content=\"article\" \/>\n<meta property=\"og:title\" content=\"RSE - Compromiso Social y Ambiental de Bedson SA - Bedson SA\" \/>\n<meta property=\"og:description\" content=\"Descubre el compromiso de Bedson SA con la responsabilidad social empresarial. Fomentamos relaciones laborales positivas y sostenibilidad.\" \/>\n<meta property=\"og:url\" content=\"https:\/\/bedson.com\/en\/rse\/\" \/>\n<meta property=\"og:site_name\" content=\"Bedson SA\" \/>\n<meta property=\"article:modified_time\" content=\"2025-09-06T02:22:25+00:00\" \/>\n<meta property=\"og:image\" content=\"https:\/\/bedson.com\/wp\/wp-content\/uploads\/2024\/04\/calidadcertificada3.webp\" \/>\n\t<meta property=\"og:image:width\" content=\"295\" \/>\n\t<meta property=\"og:image:height\" content=\"297\" \/>\n\t<meta property=\"og:image:type\" content=\"image\/webp\" \/>\n<meta name=\"twitter:card\" content=\"summary_large_image\" \/>\n<meta name=\"twitter:label1\" content=\"Est. reading time\" \/>\n\t<meta name=\"twitter:data1\" content=\"3 minutes\" \/>\n<script type=\"application\/ld+json\" class=\"yoast-schema-graph\">{\"@context\":\"https:\\\/\\\/schema.org\",\"@graph\":[{\"@type\":\"WebPage\",\"@id\":\"https:\\\/\\\/bedson.com\\\/rse\\\/\",\"url\":\"https:\\\/\\\/bedson.com\\\/rse\\\/\",\"name\":\"RSE - Compromiso Social y Ambiental de Bedson SA - Bedson SA\",\"isPartOf\":{\"@id\":\"https:\\\/\\\/bedson.com\\\/#website\"},\"primaryImageOfPage\":{\"@id\":\"https:\\\/\\\/bedson.com\\\/rse\\\/#primaryimage\"},\"image\":{\"@id\":\"https:\\\/\\\/bedson.com\\\/rse\\\/#primaryimage\"},\"thumbnailUrl\":\"https:\\\/\\\/bedson.com\\\/wp\\\/wp-content\\\/uploads\\\/2024\\\/04\\\/calidadcertificada3.webp\",\"datePublished\":\"2024-04-21T04:51:49+00:00\",\"dateModified\":\"2025-09-06T02:22:25+00:00\",\"description\":\"Descubre el compromiso de Bedson SA con la responsabilidad social empresarial. Fomentamos relaciones laborales positivas y sostenibilidad.\",\"breadcrumb\":{\"@id\":\"https:\\\/\\\/bedson.com\\\/rse\\\/#breadcrumb\"},\"inLanguage\":\"en-US\",\"potentialAction\":[{\"@type\":\"ReadAction\",\"target\":[\"https:\\\/\\\/bedson.com\\\/rse\\\/\"]}]},{\"@type\":\"ImageObject\",\"inLanguage\":\"en-US\",\"@id\":\"https:\\\/\\\/bedson.com\\\/rse\\\/#primaryimage\",\"url\":\"https:\\\/\\\/bedson.com\\\/wp\\\/wp-content\\\/uploads\\\/2024\\\/04\\\/calidadcertificada3.webp\",\"contentUrl\":\"https:\\\/\\\/bedson.com\\\/wp\\\/wp-content\\\/uploads\\\/2024\\\/04\\\/calidadcertificada3.webp\"},{\"@type\":\"BreadcrumbList\",\"@id\":\"https:\\\/\\\/bedson.com\\\/rse\\\/#breadcrumb\",\"itemListElement\":[{\"@type\":\"ListItem\",\"position\":1,\"name\":\"Inicio\",\"item\":\"https:\\\/\\\/bedson.com\\\/\"},{\"@type\":\"ListItem\",\"position\":2,\"name\":\"RSE\"}]},{\"@type\":\"WebSite\",\"@id\":\"https:\\\/\\\/bedson.com\\\/#website\",\"url\":\"https:\\\/\\\/bedson.com\\\/\",\"name\":\"Bedson SA\",\"description\":\"\",\"publisher\":{\"@id\":\"https:\\\/\\\/bedson.com\\\/#organization\"},\"potentialAction\":[{\"@type\":\"SearchAction\",\"target\":{\"@type\":\"EntryPoint\",\"urlTemplate\":\"https:\\\/\\\/bedson.com\\\/?s={search_term_string}\"},\"query-input\":{\"@type\":\"PropertyValueSpecification\",\"valueRequired\":true,\"valueName\":\"search_term_string\"}}],\"inLanguage\":\"en-US\"},{\"@type\":\"Organization\",\"@id\":\"https:\\\/\\\/bedson.com\\\/#organization\",\"name\":\"Bedson SA\",\"url\":\"https:\\\/\\\/bedson.com\\\/\",\"logo\":{\"@type\":\"ImageObject\",\"inLanguage\":\"en-US\",\"@id\":\"https:\\\/\\\/bedson.com\\\/#\\\/schema\\\/logo\\\/image\\\/\",\"url\":\"https:\\\/\\\/bedson.com\\\/wp\\\/wp-content\\\/uploads\\\/2024\\\/04\\\/cropped-logo-bedson-copia.webp\",\"contentUrl\":\"https:\\\/\\\/bedson.com\\\/wp\\\/wp-content\\\/uploads\\\/2024\\\/04\\\/cropped-logo-bedson-copia.webp\",\"width\":101,\"height\":98,\"caption\":\"Bedson SA\"},\"image\":{\"@id\":\"https:\\\/\\\/bedson.com\\\/#\\\/schema\\\/logo\\\/image\\\/\"}}]}<\/script>\n<!-- \/ Yoast SEO plugin. -->","yoast_head_json":{"title":"RSE - Compromiso Social y Ambiental de Bedson SA - Bedson SA","description":"Descubre el compromiso de Bedson SA con la responsabilidad social empresarial. Fomentamos relaciones laborales positivas y sostenibilidad.","robots":{"index":"index","follow":"follow","max-snippet":"max-snippet:-1","max-image-preview":"max-image-preview:large","max-video-preview":"max-video-preview:-1"},"canonical":"https:\/\/bedson.com\/en\/rse\/","og_locale":"en_US","og_type":"article","og_title":"RSE - Compromiso Social y Ambiental de Bedson SA - Bedson SA","og_description":"Descubre el compromiso de Bedson SA con la responsabilidad social empresarial. Fomentamos relaciones laborales positivas y sostenibilidad.","og_url":"https:\/\/bedson.com\/en\/rse\/","og_site_name":"Bedson SA","article_modified_time":"2025-09-06T02:22:25+00:00","og_image":[{"width":295,"height":297,"url":"https:\/\/bedson.com\/wp\/wp-content\/uploads\/2024\/04\/calidadcertificada3.webp","type":"image\/webp"}],"twitter_card":"summary_large_image","twitter_misc":{"Est. reading time":"3 minutes"},"schema":{"@context":"https:\/\/schema.org","@graph":[{"@type":"WebPage","@id":"https:\/\/bedson.com\/rse\/","url":"https:\/\/bedson.com\/rse\/","name":"RSE - Compromiso Social y Ambiental de Bedson SA - Bedson SA","isPartOf":{"@id":"https:\/\/bedson.com\/#website"},"primaryImageOfPage":{"@id":"https:\/\/bedson.com\/rse\/#primaryimage"},"image":{"@id":"https:\/\/bedson.com\/rse\/#primaryimage"},"thumbnailUrl":"https:\/\/bedson.com\/wp\/wp-content\/uploads\/2024\/04\/calidadcertificada3.webp","datePublished":"2024-04-21T04:51:49+00:00","dateModified":"2025-09-06T02:22:25+00:00","description":"Descubre el compromiso de Bedson SA con la responsabilidad social empresarial. Fomentamos relaciones laborales positivas y sostenibilidad.","breadcrumb":{"@id":"https:\/\/bedson.com\/rse\/#breadcrumb"},"inLanguage":"en-US","potentialAction":[{"@type":"ReadAction","target":["https:\/\/bedson.com\/rse\/"]}]},{"@type":"ImageObject","inLanguage":"en-US","@id":"https:\/\/bedson.com\/rse\/#primaryimage","url":"https:\/\/bedson.com\/wp\/wp-content\/uploads\/2024\/04\/calidadcertificada3.webp","contentUrl":"https:\/\/bedson.com\/wp\/wp-content\/uploads\/2024\/04\/calidadcertificada3.webp"},{"@type":"BreadcrumbList","@id":"https:\/\/bedson.com\/rse\/#breadcrumb","itemListElement":[{"@type":"ListItem","position":1,"name":"Inicio","item":"https:\/\/bedson.com\/"},{"@type":"ListItem","position":2,"name":"RSE"}]},{"@type":"WebSite","@id":"https:\/\/bedson.com\/#website","url":"https:\/\/bedson.com\/","name":"Bedson SA","description":"","publisher":{"@id":"https:\/\/bedson.com\/#organization"},"potentialAction":[{"@type":"SearchAction","target":{"@type":"EntryPoint","urlTemplate":"https:\/\/bedson.com\/?s={search_term_string}"},"query-input":{"@type":"PropertyValueSpecification","valueRequired":true,"valueName":"search_term_string"}}],"inLanguage":"en-US"},{"@type":"Organization","@id":"https:\/\/bedson.com\/#organization","name":"Bedson SA","url":"https:\/\/bedson.com\/","logo":{"@type":"ImageObject","inLanguage":"en-US","@id":"https:\/\/bedson.com\/#\/schema\/logo\/image\/","url":"https:\/\/bedson.com\/wp\/wp-content\/uploads\/2024\/04\/cropped-logo-bedson-copia.webp","contentUrl":"https:\/\/bedson.com\/wp\/wp-content\/uploads\/2024\/04\/cropped-logo-bedson-copia.webp","width":101,"height":98,"caption":"Bedson SA"},"image":{"@id":"https:\/\/bedson.com\/#\/schema\/logo\/image\/"}}]}},"_links":{"self":[{"href":"https:\/\/bedson.com\/en\/wp-json\/wp\/v2\/pages\/793","targetHints":{"allow":["GET"]}}],"collection":[{"href":"https:\/\/bedson.com\/en\/wp-json\/wp\/v2\/pages"}],"about":[{"href":"https:\/\/bedson.com\/en\/wp-json\/wp\/v2\/types\/page"}],"author":[{"embeddable":true,"href":"https:\/\/bedson.com\/en\/wp-json\/wp\/v2\/users\/1"}],"replies":[{"embeddable":true,"href":"https:\/\/bedson.com\/en\/wp-json\/wp\/v2\/comments?post=793"}],"version-history":[{"count":3,"href":"https:\/\/bedson.com\/en\/wp-json\/wp\/v2\/pages\/793\/revisions"}],"predecessor-version":[{"id":2312,"href":"https:\/\/bedson.com\/en\/wp-json\/wp\/v2\/pages\/793\/revisions\/2312"}],"wp:attachment":[{"href":"https:\/\/bedson.com\/en\/wp-json\/wp\/v2\/media?parent=793"}],"curies":[{"name":"wp","href":"https:\/\/api.w.org\/{rel}","templated":true}]}}